{"id":22,"date":"2022-09-15T10:16:43","date_gmt":"2022-09-15T08:16:43","guid":{"rendered":"https:\/\/www.argentijnsemuziek.nl\/?page_id=22"},"modified":"2026-01-12T15:16:48","modified_gmt":"2026-01-12T14:16:48","slug":"home","status":"publish","type":"page","link":"https:\/\/www.argentijnsemuziek.nl\/","title":{"rendered":"Home"},"content":{"rendered":"\t\t<div data-elementor-type=\"wp-page\" data-elementor-id=\"22\" class=\"elementor elementor-22\" data-elementor-post-type=\"page\">\n\t\t\t\t\t\t<section class=\"elementor-section elementor-top-section elementor-element elementor-element-3e4fdf0 elementor-section-boxed elementor-section-height-default elementor-section-height-default\" data-id=\"3e4fdf0\" data-element_type=\"section\" data-e-type=\"section\">\n\t\t\t\t\t\t<div class=\"elementor-container elementor-column-gap-default\">\n\t\t\t\t\t<div class=\"elementor-column elementor-col-50 elementor-top-column elementor-element elementor-element-28a19d9\" data-id=\"28a19d9\" data-element_type=\"column\" data-e-type=\"column\">\n\t\t\t<div class=\"elementor-widget-wrap elementor-element-populated\">\n\t\t\t\t\t\t<div class=\"elementor-element elementor-element-ec97fc5 elementor-widget elementor-widget-image\" data-id=\"ec97fc5\" data-element_type=\"widget\" data-e-type=\"widget\" data-widget_type=\"image.default\">\n\t\t\t\t<div class=\"elementor-widget-container\">\n\t\t\t\t\t\t\t\t\t\t\t\t\t\t\t<img decoding=\"async\" width=\"150\" height=\"150\" src=\"https:\/\/www.argentijnsemuziek.nl\/wp-content\/uploads\/Ljubljana2023JavierRodriguez2-150x150.jpg\" class=\"attachment-thumbnail size-thumbnail wp-image-5849\" alt=\"\" srcset=\"https:\/\/www.argentijnsemuziek.nl\/wp-content\/uploads\/Ljubljana2023JavierRodriguez2-150x150.jpg 150w, https:\/\/www.argentijnsemuziek.nl\/wp-content\/uploads\/Ljubljana2023JavierRodriguez2-300x300.jpg 300w, https:\/\/www.argentijnsemuziek.nl\/wp-content\/uploads\/Ljubljana2023JavierRodriguez2-1024x1024.jpg 1024w, https:\/\/www.argentijnsemuziek.nl\/wp-content\/uploads\/Ljubljana2023JavierRodriguez2-768x768.jpg 768w, https:\/\/www.argentijnsemuziek.nl\/wp-content\/uploads\/Ljubljana2023JavierRodriguez2.jpg 1080w\" sizes=\"(max-width: 150px) 100vw, 150px\" \/>\t\t\t\t\t\t\t\t\t\t\t\t\t\t\t<\/div>\n\t\t\t\t<\/div>\n\t\t\t\t\t<\/div>\n\t\t<\/div>\n\t\t\t\t<div class=\"elementor-column elementor-col-50 elementor-top-column elementor-element elementor-element-cf2600f\" data-id=\"cf2600f\" data-element_type=\"column\" data-e-type=\"column\">\n\t\t\t<div class=\"elementor-widget-wrap elementor-element-populated\">\n\t\t\t\t\t\t<div class=\"elementor-element elementor-element-f6cbddd elementor-widget elementor-widget-text-editor\" data-id=\"f6cbddd\" data-element_type=\"widget\" data-e-type=\"widget\" data-widget_type=\"text-editor.default\">\n\t\t\t\t<div class=\"elementor-widget-container\">\n\t\t\t\t\t\t\t\t\t<p data-wp-editing=\"1\"><b><span style=\"color: #333399;\">Tournee Javier Rodr\u00edguez met oa Misa Criolla<\/span><\/b><\/p><p data-wp-editing=\"1\"><span style=\"color: var( --e-global-color-text ); background-color: var(--base-3);\">In 1964 schreef Ariel Ram\u00edrez de <a href=\"https:\/\/www.argentijnsemuziek.nl\/index.php\/misa-criolla\/\">Misa Criolla<\/a> en de kerstcantate Navidad Nuestra. In november\/december 2026 komt zijn laatste vaste tenor, <a href=\"https:\/\/www.argentijnsemuziek.nl\/index.php\/javier-rodriguez\/\">Javier Rodr\u00edguez<\/a>, weer naar Europa.\u00a0<\/span><span style=\"background-color: var(--base-3); color: var( --e-global-color-text );\">Hij zingt de koorwerken van Ram\u00edrez en solorepertoire van Argentijnse ritmes.\u00a0\u00a0<\/span><\/p>\t\t\t\t\t\t\t\t<\/div>\n\t\t\t\t<\/div>\n\t\t\t\t\t<\/div>\n\t\t<\/div>\n\t\t\t\t\t<\/div>\n\t\t<\/section>\n\t\t\t\t<section class=\"elementor-section elementor-top-section elementor-element elementor-element-42a0320 elementor-section-boxed elementor-section-height-default elementor-section-height-default\" data-id=\"42a0320\" data-element_type=\"section\" data-e-type=\"section\">\n\t\t\t\t\t\t<div class=\"elementor-container elementor-column-gap-default\">\n\t\t\t\t\t<div class=\"elementor-column elementor-col-100 elementor-top-column elementor-element elementor-element-f3231fe\" data-id=\"f3231fe\" data-element_type=\"column\" data-e-type=\"column\">\n\t\t\t<div class=\"elementor-widget-wrap elementor-element-populated\">\n\t\t\t\t\t\t<div class=\"elementor-element elementor-element-4aaebb9 elementor-widget elementor-widget-text-editor\" data-id=\"4aaebb9\" data-element_type=\"widget\" data-e-type=\"widget\" data-widget_type=\"text-editor.default\">\n\t\t\t\t<div class=\"elementor-widget-container\">\n\t\t\t\t\t\t\t\t\t<p><span style=\"color: #333399;\"><strong>De Stichting Argentijnse Muziek:<\/strong><\/span><\/p><ul><li>geeft informatie over Argentijnse muziek, instrumenten, ritmes, musici<\/li><li>verkoopt partituren, met name vocale werken van componist Ram\u00edrez<\/li><li>verkoopt enkele cd&#8217;s die in Nederland anders moeilijk verkrijgbaar zijn<\/li><li>is contactpersoon voor tenor Javier Rodr\u00edguez, de laatste vaste tenor van Ram\u00edrez, in Nederland<\/li><li>denkt mee met koren en theaters bij vragen over uitvoeringen, instrumentalisten, etc<br \/><a href=\"https:\/\/www.argentijnsemuziek.nl\/index.php\/wie-zijn-wij\/\">Lees meer &#8230;<\/a><\/li><\/ul><p><img decoding=\"async\" class=\"alignleft wp-image-4505\" src=\"https:\/\/www.argentijnsemuziek.nl\/wp-content\/uploads\/vlagEng.gif\" alt=\"\" width=\"50\" height=\"31\" \/><\/p><p><span style=\"color: #333399;\"><strong>The Foundation of Argentine Music in the Netherlands:<\/strong><\/span><\/p><ul><li>provides information about Argentine music:\u00a0 instruments, rhythms, musician<\/li><li>sells scores, especially of the choral works of composer Ram\u00edrez<\/li><li>sells some CD&#8217;s that are normally difficult to obtain in Europe<\/li><li>is the agent of the Argentine tenor Javier Rodr\u00edguez in The Netherlands<\/li><\/ul><p>Most of the information on this site is not available in English, sorry. However, all our scores are also available with preface etc in English. Please, feel free to <a href=\"info@argentijnsemuziek.nl\">contact us<\/a> for information in English.<\/p><p><img decoding=\"async\" class=\"wp-image-4507 alignleft\" src=\"https:\/\/www.argentijnsemuziek.nl\/wp-content\/uploads\/vlagSp.jpg\" alt=\"\" width=\"50\" height=\"33\" \/><\/p><p><span style=\"color: #333399;\"><strong>La Fundaci\u00f3n M\u00fasica Argentina en Los Paises Bajos:<\/strong><\/span><\/p><ul><li>da informaci\u00f3n sobre m\u00fasica argentina: instrumentos, g\u00e9neros, m\u00fasicos<\/li><li>vende partituras, especialmente de las obras corales del compositor Ariel Ram\u00edrez<\/li><li>vende unos CD, que son dif\u00edciles para obtener en Europa<\/li><li>es el agente del tenor solista Javier Rodr\u00edguez en Holanda<\/li><\/ul><p>En este sitio hay poco informaci\u00f3n en castellano. Pedimos disculpas. Se puede solicitar informaci\u00f3n en castellano por <a href=\"info@argentijnsemuziek.nl\">e-mail<\/a>.<\/p>\t\t\t\t\t\t\t\t<\/div>\n\t\t\t\t<\/div>\n\t\t\t\t\t<\/div>\n\t\t<\/div>\n\t\t\t\t\t<\/div>\n\t\t<\/section>\n\t\t\t\t<\/div>\n\t\t","protected":false},"excerpt":{"rendered":"<p>Tournee Javier Rodr\u00edguez met oa Misa Criolla In 1964 schreef Ariel Ram\u00edrez de Misa Criolla en de kerstcantate Navidad Nuestra. In november\/december 2026 komt zijn laatste vaste tenor, Javier Rodr\u00edguez, weer naar Europa.\u00a0Hij zingt de koorwerken van Ram\u00edrez en solorepertoire van Argentijnse ritmes.\u00a0\u00a0 De Stichting Argentijnse Muziek: geeft informatie over Argentijnse muziek, instrumenten, ritmes, musici &#8230; <a title=\"Home\" class=\"read-more\" href=\"https:\/\/www.argentijnsemuziek.nl\/\" aria-label=\"Lees meer over Home\">Lees verder<\/a><\/p>\n","protected":false},"author":1,"featured_media":0,"parent":0,"menu_order":0,"comment_status":"closed","ping_status":"closed","template":"","meta":{"footnotes":""},"class_list":["post-22","page","type-page","status-publish"],"_links":{"self":[{"href":"https:\/\/www.argentijnsemuziek.nl\/index.php\/wp-json\/wp\/v2\/pages\/22","targetHints":{"allow":["GET"]}}],"collection":[{"href":"https:\/\/www.argentijnsemuziek.nl\/index.php\/wp-json\/wp\/v2\/pages"}],"about":[{"href":"https:\/\/www.argentijnsemuziek.nl\/index.php\/wp-json\/wp\/v2\/types\/page"}],"author":[{"embeddable":true,"href":"https:\/\/www.argentijnsemuziek.nl\/index.php\/wp-json\/wp\/v2\/users\/1"}],"replies":[{"embeddable":true,"href":"https:\/\/www.argentijnsemuziek.nl\/index.php\/wp-json\/wp\/v2\/comments?post=22"}],"version-history":[{"count":5,"href":"https:\/\/www.argentijnsemuziek.nl\/index.php\/wp-json\/wp\/v2\/pages\/22\/revisions"}],"predecessor-version":[{"id":6522,"href":"https:\/\/www.argentijnsemuziek.nl\/index.php\/wp-json\/wp\/v2\/pages\/22\/revisions\/6522"}],"wp:attachment":[{"href":"https:\/\/www.argentijnsemuziek.nl\/index.php\/wp-json\/wp\/v2\/media?parent=22"}],"curies":[{"name":"wp","href":"https:\/\/api.w.org\/{rel}","templated":true}]}}