{"id":4592,"date":"2023-07-10T11:09:05","date_gmt":"2023-07-10T09:09:05","guid":{"rendered":"https:\/\/www.argentijnsemuziek.nl\/?page_id=4592"},"modified":"2024-11-29T16:02:48","modified_gmt":"2024-11-29T15:02:48","slug":"misa-criolla","status":"publish","type":"page","link":"https:\/\/www.argentijnsemuziek.nl\/index.php\/misa-criolla\/","title":{"rendered":"Misa Criolla"},"content":{"rendered":"<p><strong>2024 60 jaar Misa Criolla<br \/>\n<\/strong>De laatste vaste tenor van Ram\u00edrez, <a href=\"https:\/\/www.argentijnsemuziek.nl\/index.php\/javier-rodriguez\/\">Javier Rodr\u00edguez<\/a>, is in december 2024 op <a href=\"https:\/\/www.argentijnsemuziek.nl\/index.php\/tournee-javier-rodriguez\/\">tournee<\/a> in Nederland voor concerten met Nederlandse koren.<\/p>\n<p><strong>Projectzangers<\/strong> gezocht <strong>Amersfoort<\/strong> Amer Consort voor project met Misa Criolla. Concert 18-5-2025, stemtest december 2024, repetities maandagavond. Voor sopranen wachtlijst. <a href=\"https:\/\/amerconsort.nl\/zangers\/\" target=\"_blank\" rel=\"noopener\">Meer info en aanmelden<\/a><\/p>\n<p><strong>Oorsprong en geschiedenis Misa Criolla<\/strong><\/p>\n<figure id=\"attachment_4452\" aria-describedby=\"caption-attachment-4452\" style=\"width: 164px\" class=\"wp-caption alignleft\"><img decoding=\"async\" class=\"wp-image-4452 \" src=\"https:\/\/www.argentijnsemuziek.nl\/wp-content\/uploads\/MusArielRamirezpiano.jpg\" alt=\"\" width=\"174\" height=\"134\" \/><figcaption id=\"caption-attachment-4452\" class=\"wp-caption-text\">Ariel Ram\u00edrez<\/figcaption><\/figure>\n<p>De Misa Criolla (uitspraak Miesa Criozja), het bekendste werk van de Argentijnse componist Ariel Ram\u00edrez, werd gecomponeerd in 1964. Kort daarvoor was het in de katholieke kerk <span style=\"font-size: inherit;\">mogelijk geworden de landstaal te gebruiken ipv alleen Latijn en Ariel Ram\u00edrez greep deze gelegenheid aan om \u00e9\u00e9n van de meest baanbrekende missen ooit te schrijven. In de Misa Criolla zit niet alleen volkstaal, maar ook volksmuziek.<\/span><\/p>\n<p><a href=\"https:\/\/www.argentijnsemuziek.nl\/index.php\/geschiedenis-misa-criolla\/\">Lees meer &#8230;<\/a><\/p>\n<figure id=\"attachment_4386\" aria-describedby=\"caption-attachment-4386\" style=\"width: 240px\" class=\"wp-caption alignright\"><img decoding=\"async\" class=\"wp-image-4386 size-full\" src=\"https:\/\/www.argentijnsemuziek.nl\/wp-content\/uploads\/instrCharango1.jpg\" alt=\"\" width=\"250\" height=\"62\" \/><figcaption id=\"caption-attachment-4386\" class=\"wp-caption-text\">charango<\/figcaption><\/figure>\n<p><strong>Instrumenten<\/strong><br \/>\nDe Misa Criolla is een echte Creoolse mis: met inheemse \u00e9n immigranteninvloeden. De naam &#8216;Criolla&#8217; staat voor de vele culturele invloeden in Argentini\u00eb. De Argentijnse &#8216;Criollos&#8217; zijn een mengeling van vele volkeren, zoals Europeanen, Afrikanen en oorspronkelijke bewoners, een soort &#8220;tweede (en meer) generatie immigranten&#8221;.\u00a0 In de mis worden oa instrumenten uit het Andesgebergte gebruikt, zoals de charango (kleine gitaar), de quena (rechte Indiaanse fluit) en de bombo (Argentijnse trom). <a href=\"https:\/\/www.argentijnsemuziek.nl\/index.php\/muziekinstrumenten\/\">Lees meer over instrumenten &#8230;<\/a><\/p>\n<figure id=\"attachment_4321\" aria-describedby=\"caption-attachment-4321\" style=\"width: 340px\" class=\"wp-caption aligncenter\"><img fetchpriority=\"high\" decoding=\"async\" class=\"wp-image-4321\" src=\"https:\/\/www.argentijnsemuziek.nl\/wp-content\/uploads\/03RotterdamMisa-300x171.jpg\" alt=\"\" width=\"350\" height=\"199\" srcset=\"https:\/\/www.argentijnsemuziek.nl\/wp-content\/uploads\/03RotterdamMisa-300x171.jpg 300w, https:\/\/www.argentijnsemuziek.nl\/wp-content\/uploads\/03RotterdamMisa.jpg 409w\" sizes=\"(max-width: 350px) 100vw, 350px\" \/><figcaption id=\"caption-attachment-4321\" class=\"wp-caption-text\">Rotterdam 2003, Javier Rodr\u00edguez en Coro Encanto<\/figcaption><\/figure>\n<p><strong>Ritmes<\/strong><br \/>\nDramatische ritmes uit het noordelijke Andesgebergte vormen de basis van het Kyrie. Het populaire Gloria daarna bestaat grotendeels uit een vrolijke &#8216;carnavalito&#8217;, in het midden opeens afgewisseld door een langzaam ritme dat door de Inca&#8217;s voor begrafenissen gebruikt wordt. Het Credo is een onweerstaanbare &#8216;chacarera&#8217;, de belangrijkste feestdans in Argentini\u00eb. In het Sanctus is een subtielere variant op de carnavalito te horen. De mis eindigt met een melancholiek ritme van de Argentijnse pampa&#8217;s. <a href=\"https:\/\/www.argentijnsemuziek.nl\/index.php\/dansen-en-ritmes\/\">Lees meer over ritmes&#8230;<\/a><\/p>\n<table style=\"border-collapse: collapse; width: 100%; height: 125px;\">\n<tbody>\n<tr style=\"height: 25px;\">\n<td style=\"width: 14.5502%; height: 25px;\"><a href=\"https:\/\/www.youtube.com\/watch?v=gFwc2BSo7zA\" target=\"_blank\" rel=\"noopener\"><img loading=\"lazy\" decoding=\"async\" class=\"alignnone size-full wp-image-4427\" src=\"https:\/\/www.argentijnsemuziek.nl\/wp-content\/uploads\/knopVideokl.jpg\" alt=\"\" width=\"10\" height=\"12\" \/> Kyrie<\/a><\/td>\n<td style=\"width: 33.3333%; height: 25px;\">vidala-baguala<\/td>\n<td style=\"width: 52.1164%; height: 25px;\">ritme van de noordelijke hoogvlakte<\/td>\n<\/tr>\n<tr style=\"height: 25px;\">\n<td style=\"width: 14.5502%; height: 25px;\"><img loading=\"lazy\" decoding=\"async\" class=\"alignnone size-full wp-image-4427\" src=\"https:\/\/www.argentijnsemuziek.nl\/wp-content\/uploads\/knopVideokl.jpg\" alt=\"\" width=\"10\" height=\"12\" \/> <a href=\"https:\/\/www.youtube.com\/watch?v=ow8U_v2g1VY\">Gloria<\/a><\/td>\n<td style=\"width: 33.3333%; height: 25px;\">Carnavalito met recitatief (Yarav\u00ed)<\/td>\n<td style=\"width: 52.1164%; height: 25px;\">ritme van de noordelijke hoogvlakte<\/td>\n<\/tr>\n<tr style=\"height: 25px;\">\n<td style=\"width: 14.5502%; height: 25px;\"><img loading=\"lazy\" decoding=\"async\" class=\"alignnone size-full wp-image-4427\" src=\"https:\/\/www.argentijnsemuziek.nl\/wp-content\/uploads\/knopVideokl.jpg\" alt=\"\" width=\"10\" height=\"12\" \/> <a href=\"https:\/\/www.youtube.com\/watch?v=rui5ZJiOOyk\" target=\"_blank\" rel=\"noopener\">Credo<\/a><\/td>\n<td style=\"width: 33.3333%; height: 25px;\">chacarera trunca<\/td>\n<td style=\"width: 52.1164%; height: 25px;\">ritme van midden Argentini\u00eb<\/td>\n<\/tr>\n<tr style=\"height: 25px;\">\n<td style=\"width: 14.5502%; height: 25px;\"><img loading=\"lazy\" decoding=\"async\" class=\"alignnone size-full wp-image-4427\" src=\"https:\/\/www.argentijnsemuziek.nl\/wp-content\/uploads\/knopVideokl.jpg\" alt=\"\" width=\"10\" height=\"12\" \/> <a href=\"https:\/\/www.youtube.com\/watch?v=SSesWRNfT6w\">Sanctus<\/a><\/td>\n<td style=\"width: 33.3333%; height: 25px;\">carnaval cochabambino<\/td>\n<td style=\"width: 52.1164%; height: 25px;\">ritme uit Bolivia<\/td>\n<\/tr>\n<tr style=\"height: 25px;\">\n<td style=\"width: 14.5502%; height: 25px;\"><img loading=\"lazy\" decoding=\"async\" class=\"alignnone size-full wp-image-4427\" src=\"https:\/\/www.argentijnsemuziek.nl\/wp-content\/uploads\/knopVideokl.jpg\" alt=\"\" width=\"10\" height=\"12\" \/> <a href=\"https:\/\/www.youtube.com\/watch?v=3eBICQ7INkA\">Agnus Dei<\/a><\/td>\n<td style=\"width: 33.3333%; height: 25px;\">estilo pampeano<\/td>\n<td style=\"width: 52.1164%; height: 25px;\">ritme van de Pampa&#8217;s<\/td>\n<\/tr>\n<\/tbody>\n<\/table>\n<p><strong><br \/>\nConcerten en opnamen<\/strong><br \/>\nVeel Nederlandse koren hebben de mis op hun repertoire. <a href=\"https:\/\/www.argentijnsemuziek.nl\/index.php\/misa-criolla-uitvoeren\/\">Meer informatie over het uitvoeren van de mis &#8230;<\/a> Kijk op onze <a href=\"https:\/\/www.argentijnsemuziek.nl\/index.php\/agenda\/\">agendapagina<\/a> waar de komende tijd een uitvoering is. De laatste vaste tenor van Ram\u00edrez, <a href=\"https:\/\/www.argentijnsemuziek.nl\/index.php\/javier-rodriguez\/\">Javier Rodr\u00edguez<\/a>, komt geregeld naar Europa voor concerten met koren, ook in Nederland.<\/p>\n<p>Bekende opnamen van Misa Criolla:<br \/>\n1964 Los Fronterizos, gecombineerd met kerstcantate Navidad Nuestra. Fraaie volkse uitvoering<br \/>\n1987 Jos\u00e9 Careras, met kerstcantate Navidad Nuestra. Operastem, maar wel met Argentijnse musici en instrumenten<br \/>\n1999 Mercedes Sosa, met kerstcantate Navidad Nuestra. De stem van Zuid-Amerika.<br \/>\n2002 Javier Rodr\u00edguez, met andere Argentijnse volksmuziek. Laatste vaste tenor van de componist. <a href=\"https:\/\/www.argentijnsemuziek.nl\/index.php\/cd-misa-criolla-algo\/\">lees meer &#8230;<\/a><br \/>\n2014 M\u00fasica Temprana, met Zuid-Amerikaanse barokmuziek. Nederlandse opname, solisten \u00c1lvaro Pinto en Adri\u00e1n van der Spoel.<\/p>\n","protected":false},"excerpt":{"rendered":"<p>2024 60 jaar Misa Criolla De laatste vaste tenor van Ram\u00edrez, Javier Rodr\u00edguez, is in december 2024 op tournee in Nederland voor concerten met Nederlandse koren. Projectzangers gezocht Amersfoort Amer Consort voor project met Misa Criolla. Concert 18-5-2025, stemtest december 2024, repetities maandagavond. Voor sopranen wachtlijst. Meer info en aanmelden Oorsprong en geschiedenis Misa Criolla &#8230; <a title=\"Misa Criolla\" class=\"read-more\" href=\"https:\/\/www.argentijnsemuziek.nl\/index.php\/misa-criolla\/\" aria-label=\"Lees meer over Misa Criolla\">Lees verder<\/a><\/p>\n","protected":false},"author":1,"featured_media":0,"parent":0,"menu_order":0,"comment_status":"closed","ping_status":"closed","template":"","meta":{"footnotes":""},"class_list":["post-4592","page","type-page","status-publish"],"_links":{"self":[{"href":"https:\/\/www.argentijnsemuziek.nl\/index.php\/wp-json\/wp\/v2\/pages\/4592","targetHints":{"allow":["GET"]}}],"collection":[{"href":"https:\/\/www.argentijnsemuziek.nl\/index.php\/wp-json\/wp\/v2\/pages"}],"about":[{"href":"https:\/\/www.argentijnsemuziek.nl\/index.php\/wp-json\/wp\/v2\/types\/page"}],"author":[{"embeddable":true,"href":"https:\/\/www.argentijnsemuziek.nl\/index.php\/wp-json\/wp\/v2\/users\/1"}],"replies":[{"embeddable":true,"href":"https:\/\/www.argentijnsemuziek.nl\/index.php\/wp-json\/wp\/v2\/comments?post=4592"}],"version-history":[{"count":5,"href":"https:\/\/www.argentijnsemuziek.nl\/index.php\/wp-json\/wp\/v2\/pages\/4592\/revisions"}],"predecessor-version":[{"id":6339,"href":"https:\/\/www.argentijnsemuziek.nl\/index.php\/wp-json\/wp\/v2\/pages\/4592\/revisions\/6339"}],"wp:attachment":[{"href":"https:\/\/www.argentijnsemuziek.nl\/index.php\/wp-json\/wp\/v2\/media?parent=4592"}],"curies":[{"name":"wp","href":"https:\/\/api.w.org\/{rel}","templated":true}]}}