{"id":4619,"date":"2023-07-14T12:43:41","date_gmt":"2023-07-14T10:43:41","guid":{"rendered":"https:\/\/www.argentijnsemuziek.nl\/?page_id=4619"},"modified":"2026-01-11T12:32:24","modified_gmt":"2026-01-11T11:32:24","slug":"misa-por-la-paz-y-la-justicia","status":"publish","type":"page","link":"https:\/\/www.argentijnsemuziek.nl\/index.php\/misa-por-la-paz-y-la-justicia\/","title":{"rendered":"Misa por la Paz y la Justicia"},"content":{"rendered":"<div><strong>Mis voor Vrede en Gerechtigheid<\/strong><\/div>\n<p><img decoding=\"async\" class=\"alignnone size-full wp-image-4427\" src=\"https:\/\/www.argentijnsemuziek.nl\/wp-content\/uploads\/knopVideokl.jpg\" alt=\"\" width=\"10\" height=\"12\" \/> <a href=\"https:\/\/youtu.be\/Rmc5CxZ7X-k\" target=\"_blank\" rel=\"noopener\">Italiaanse premi\u00e8re<\/a> december 2025 Bologna met <a href=\"https:\/\/www.argentijnsemuziek.nl\/index.php\/javier-rodriguez\/\">Javier Rodr\u00edguez<\/a><\/p>\n<div><strong><img decoding=\"async\" class=\"alignright wp-image-4451 size-thumbnail\" src=\"https:\/\/www.argentijnsemuziek.nl\/wp-content\/uploads\/MusArielRamirezkl-150x150.jpg\" alt=\"\" width=\"150\" height=\"150\" \/><\/strong> <img fetchpriority=\"high\" decoding=\"async\" class=\" wp-image-4494 alignleft\" src=\"https:\/\/www.argentijnsemuziek.nl\/wp-content\/uploads\/partituraMPPJ-221x300.jpg\" alt=\"\" width=\"192\" height=\"261\" srcset=\"https:\/\/www.argentijnsemuziek.nl\/wp-content\/uploads\/partituraMPPJ-221x300.jpg 221w, https:\/\/www.argentijnsemuziek.nl\/wp-content\/uploads\/partituraMPPJ.jpg 280w\" sizes=\"(max-width: 192px) 100vw, 192px\" \/>Ariel Ram\u00edrez zelf ziet de Misa por la Paz y la Justicia als zijn belangrijkste werk, al heeft deze mis nooit veel bekendheid genoten, zelfs niet in Argentini\u00eb. Pas de laatste jaren van zijn actieve muzikale leven voerde Ram\u00edrez de mis regelmatig in Argentini\u00eb uit met zijn eigen ensemble met zanger Javier Rodr\u00edguez. Ram\u00edrez componeerde de Misa por la Paz y la Justicia in de tijd dat Argentini\u00eb nog gebukt ging onder een militaire dictatuur. Net als in de Misa Criolla gebruikt Ram\u00edrez Argentijnse ritmes en instrumenten voor de mis, maar de Misa por la Paz is completer, langer en vooral ook universeler. De oproep tot vrede is belangrijker dan het specifiek\u00a0Zuid-Amerikaanse. De mis is ook minder toegankelijk dan de andere koorwerken van Ram\u00edrez. Naast de vijf vaste misonderdelen bevat de Misa por la Paz ook elementen als een preek en een psalmen. De teksten zijn meest liturgisch en\u00a0bijbels, aangevuld met een toespraak van Paus Johannes Paulus II in de homil\u00eda. Toch werd de geplande premi\u00e8re in de Argentijnse stad Mendoza verboden door de junta &#8211; de affiches ter aankondiging hingen al aan &#8211;\u00a0 vanwege de duidelijke verwijzingen naar de staatsterreur. Zo begint de mis met geweeklaag door het koor, eindigend met een gesproken bijbeltekst uit Jeremia over &#8216;ouders die huilen om hun kinderen en geen troost meer vinden &#8230; want ze zijn er niet meer&#8230;&#8217;, verwijzend naar de &#8216;dwaze moeders&#8217; van de Plaza de Mayo..\u00a0 <a href=\"https:\/\/www.argentijnsemuziek.nl\/index.php\/misa-por-la-paz-vorm-en-inhoud\/\" target=\"_blank\" rel=\"noopener\">Lees meer &#8230;<\/a><\/div>\n<div>\n<p>&nbsp;<\/p>\n<figure id=\"attachment_4348\" aria-describedby=\"caption-attachment-4348\" style=\"width: 140px\" class=\"wp-caption alignright\"><img loading=\"lazy\" decoding=\"async\" class=\"wp-image-4348 size-thumbnail\" src=\"https:\/\/www.argentijnsemuziek.nl\/wp-content\/uploads\/Damian-150x150.jpg\" alt=\"\" width=\"150\" height=\"150\" \/><figcaption id=\"caption-attachment-4348\" class=\"wp-caption-text\">Dami\u00e1n S\u00e1nchez<\/figcaption><\/figure>\n<p>De Argentijnse dirigent en arrangeur Dami\u00e1n S\u00e1nchez maakte de koorarrangementen, Oscar Cardozo Ocampo de instrumentenarrangementen. Pater Osvaldo Catena paste de liturgische teksten aan.<\/p>\n<\/div>\n<div>Buiten Argentini\u00eb werd het complete werk voor het eerst uitgevoerd in Carnegie Hall, New York, in 1988. Het Zuid-Hollandse Leiden beleefde in 1997 de Europese premi\u00e8re, uitgevoerd door Maestro Ram\u00edrez met tenor Javier Rodr\u00edguez en het Groot Koor van de Schola Cantorum o.l.v. Wim de Ru. Acteur Peter Tuinman sprak daarbij de in het Nederlands vertaalde gesproken teksten uit. Sinds de bladmuziek in Nederland beschikbaar is, in 2006, wordt de mis regelmatig uitgevoerd door Nederlandse koren, o.a. ter ere van de Dodenherdenking (2011, <a href=\"https:\/\/www.youtube.com\/watch?v=KR3-HNmuLeo\" target=\"_blank\" rel=\"noopener\">interview in het Spaans + fragmenten<\/a>) en het 100-jarig bestaan van het Vredespaleis (2013).<\/div>\n<div>In april 2011 kwam een CD uit met Misa por la Paz y la Justicia met de laatste vaste tenor van Ram\u00edrez, Javier Rodr\u00edguez en de Cantor\u00eda de la Merced.<\/div>\n<div><a href=\"https:\/\/www.argentijnsemuziek.nl\/index.php\/misa-por-la-paz-uitvoeren\/\">Informatie voor koren en dirigenten &#8230;<\/a><\/div>\n<div>\n<figure id=\"attachment_4328\" aria-describedby=\"caption-attachment-4328\" style=\"width: 290px\" class=\"wp-caption aligncenter\"><img loading=\"lazy\" decoding=\"async\" class=\"wp-image-4328 size-full\" src=\"https:\/\/www.argentijnsemuziek.nl\/wp-content\/uploads\/2016JRSchalmKwartetfotoJohnVervoort.jpg\" alt=\"\" width=\"300\" height=\"233\" \/><figcaption id=\"caption-attachment-4328\" class=\"wp-caption-text\">Javier Rodr\u00edguez en begeleiders<\/figcaption><\/figure>\n<p><strong>Instrumenten en ritmes<\/strong><\/p>\n<\/div>\n<div>Net als in zijn andere werken combineert Ram\u00edrez in de Misa por la Paz y la Justicia creoolse en indiaanse instrumenten met moderne, zelfs elektronische instrumenten. <a href=\"https:\/\/www.argentijnsemuziek.nl\/index.php\/muziekinstrumenten\/\">Lees meer over instrumenten &#8230;<\/a><\/div>\n<p>&nbsp;<\/p>\n<div>\n<div class=\"mceTemp\"><\/div>\n<\/div>\n<div>\n<table style=\"border-collapse: collapse; width: 99.686%;\">\n<tbody>\n<tr>\n<td style=\"width: 26.2689%;\"><img loading=\"lazy\" decoding=\"async\" class=\"alignnone size-full wp-image-4426\" src=\"https:\/\/www.argentijnsemuziek.nl\/wp-content\/uploads\/knopAudiokl.jpg\" alt=\"\" width=\"8\" height=\"12\" \/> <a href=\"https:\/\/www.argentijnsemuziek.nl\/wp-content\/uploads\/JRKyriePaz1997.mp3\">Introducci\u00f3n<\/a><\/td>\n<td style=\"width: 44.0084%;\">fragment Peter Tuinman\/Javier Rodr\u00edguez 1997<\/td>\n<td style=\"width: 29.7226%;\"><a href=\"https:\/\/www.argentijnsemuziek.nl\/index.php\/dansen-en-ritmes\/\">lees meer over ritmes &#8230;<\/a><\/td>\n<td style=\"width: 8.94817%;\"><\/td>\n<td style=\"width: 15.2276%;\"><\/td>\n<\/tr>\n<tr>\n<td style=\"width: 26.2689%;\">Kyrie<\/td>\n<td style=\"width: 44.0084%;\">baguala-koraal<\/td>\n<td style=\"width: 29.7226%;\">noordelijke Andes<\/td>\n<td style=\"width: 8.94817%;\"><\/td>\n<td style=\"width: 15.2276%;\"><\/td>\n<\/tr>\n<tr>\n<td style=\"width: 26.2689%;\">Gloria<\/td>\n<td style=\"width: 44.0084%;\">\u00a0cueca-triste<\/td>\n<td style=\"width: 29.7226%;\">noordwesten<\/td>\n<td style=\"width: 8.94817%;\"><\/td>\n<td style=\"width: 15.2276%;\"><\/td>\n<\/tr>\n<tr>\n<td style=\"width: 26.2689%;\">Salmo Responsorial<\/td>\n<td style=\"width: 44.0084%;\">psalm 84 en 71, geen Argentijns ritme<\/td>\n<td style=\"width: 29.7226%;\"><\/td>\n<td style=\"width: 8.94817%;\"><\/td>\n<td style=\"width: 15.2276%;\"><\/td>\n<\/tr>\n<tr>\n<td style=\"width: 26.2689%;\"><a href=\"https:\/\/www.youtube.com\/watch?v=XY5PHDC8xk0&amp;feature=youtu.be\" target=\"_blank\" rel=\"noopener\"><img decoding=\"async\" class=\"alignnone size-full wp-image-4427\" src=\"https:\/\/www.argentijnsemuziek.nl\/wp-content\/uploads\/knopVideokl.jpg\" alt=\"\" width=\"10\" height=\"12\" \/> Aleluia<\/a><\/td>\n<td style=\"width: 44.0084%;\">Tobaritme-baguala<\/td>\n<td style=\"width: 29.7226%;\">noorden<\/td>\n<td style=\"width: 8.94817%;\"><\/td>\n<td style=\"width: 15.2276%;\"><\/td>\n<\/tr>\n<tr>\n<td style=\"width: 26.2689%;\">Homil\u00eda<\/td>\n<td style=\"width: 44.0084%;\">zamba<\/td>\n<td style=\"width: 29.7226%;\">heel Argentini\u00eb<\/td>\n<td style=\"width: 8.94817%;\"><\/td>\n<td style=\"width: 15.2276%;\"><\/td>\n<\/tr>\n<tr>\n<td style=\"width: 26.2689%;\">Credo<\/td>\n<td style=\"width: 44.0084%;\">malambo<\/td>\n<td style=\"width: 29.7226%;\">zuiden<\/td>\n<td style=\"width: 8.94817%;\"><\/td>\n<td style=\"width: 15.2276%;\"><\/td>\n<\/tr>\n<tr>\n<td style=\"width: 26.2689%;\">Sanctus<\/td>\n<td style=\"width: 44.0084%;\">(aire de) bailecito<\/td>\n<td style=\"width: 29.7226%;\">noordelijke Andes<\/td>\n<td style=\"width: 8.94817%;\"><\/td>\n<td style=\"width: 15.2276%;\"><\/td>\n<\/tr>\n<tr>\n<td style=\"width: 26.2689%;\">Agnus Dei<\/td>\n<td style=\"width: 44.0084%;\">estilo pampeano<\/td>\n<td style=\"width: 29.7226%;\">Pampa<\/td>\n<td style=\"width: 8.94817%;\"><\/td>\n<td style=\"width: 15.2276%;\"><\/td>\n<\/tr>\n<tr>\n<td style=\"width: 26.2689%;\">Comuni\u00f3n<\/td>\n<td style=\"width: 44.0084%;\">zamba<\/td>\n<td style=\"width: 29.7226%;\">heel Argentini\u00eb<\/td>\n<td style=\"width: 8.94817%;\"><\/td>\n<td style=\"width: 15.2276%;\"><\/td>\n<\/tr>\n<tr>\n<td style=\"width: 26.2689%;\"><a href=\"https:\/\/www.youtube.com\/watch?v=6xT7BCWmsEs\" target=\"_blank\" rel=\"noopener\"><img decoding=\"async\" class=\"alignnone size-full wp-image-4427\" src=\"https:\/\/www.argentijnsemuziek.nl\/wp-content\/uploads\/knopVideokl.jpg\" alt=\"\" width=\"10\" height=\"12\" \/> Salmo 150<\/a><\/td>\n<td style=\"width: 44.0084%;\">chacarera<\/td>\n<td style=\"width: 29.7226%;\">heel Argentini\u00eb<\/td>\n<td style=\"width: 8.94817%;\"><\/td>\n<td style=\"width: 15.2276%;\"><\/td>\n<\/tr>\n<\/tbody>\n<\/table>\n<\/div>\n","protected":false},"excerpt":{"rendered":"<p>Mis voor Vrede en Gerechtigheid Italiaanse premi\u00e8re december 2025 Bologna met Javier Rodr\u00edguez Ariel Ram\u00edrez zelf ziet de Misa por la Paz y la Justicia als zijn belangrijkste werk, al heeft deze mis nooit veel bekendheid genoten, zelfs niet in Argentini\u00eb. Pas de laatste jaren van zijn actieve muzikale leven voerde Ram\u00edrez de mis regelmatig &#8230; <a title=\"Misa por la Paz y la Justicia\" class=\"read-more\" href=\"https:\/\/www.argentijnsemuziek.nl\/index.php\/misa-por-la-paz-y-la-justicia\/\" aria-label=\"Lees meer over Misa por la Paz y la Justicia\">Lees verder<\/a><\/p>\n","protected":false},"author":17,"featured_media":0,"parent":0,"menu_order":0,"comment_status":"closed","ping_status":"closed","template":"","meta":{"footnotes":""},"class_list":["post-4619","page","type-page","status-publish"],"_links":{"self":[{"href":"https:\/\/www.argentijnsemuziek.nl\/index.php\/wp-json\/wp\/v2\/pages\/4619","targetHints":{"allow":["GET"]}}],"collection":[{"href":"https:\/\/www.argentijnsemuziek.nl\/index.php\/wp-json\/wp\/v2\/pages"}],"about":[{"href":"https:\/\/www.argentijnsemuziek.nl\/index.php\/wp-json\/wp\/v2\/types\/page"}],"author":[{"embeddable":true,"href":"https:\/\/www.argentijnsemuziek.nl\/index.php\/wp-json\/wp\/v2\/users\/17"}],"replies":[{"embeddable":true,"href":"https:\/\/www.argentijnsemuziek.nl\/index.php\/wp-json\/wp\/v2\/comments?post=4619"}],"version-history":[{"count":5,"href":"https:\/\/www.argentijnsemuziek.nl\/index.php\/wp-json\/wp\/v2\/pages\/4619\/revisions"}],"predecessor-version":[{"id":6512,"href":"https:\/\/www.argentijnsemuziek.nl\/index.php\/wp-json\/wp\/v2\/pages\/4619\/revisions\/6512"}],"wp:attachment":[{"href":"https:\/\/www.argentijnsemuziek.nl\/index.php\/wp-json\/wp\/v2\/media?parent=4619"}],"curies":[{"name":"wp","href":"https:\/\/api.w.org\/{rel}","templated":true}]}}