{"id":4635,"date":"2023-07-16T12:32:00","date_gmt":"2023-07-16T10:32:00","guid":{"rendered":"https:\/\/www.argentijnsemuziek.nl\/?page_id=4635"},"modified":"2023-07-16T12:32:00","modified_gmt":"2023-07-16T10:32:00","slug":"mercedes-sosa","status":"publish","type":"page","link":"https:\/\/www.argentijnsemuziek.nl\/index.php\/mercedes-sosa\/","title":{"rendered":"Mercedes Sosa"},"content":{"rendered":"<p><strong><span style=\"font-size: 18pt;\">De Stem van Zuid-Amerika<\/span><\/strong><\/p>\n<p><strong><img fetchpriority=\"high\" decoding=\"async\" class=\"size-full wp-image-4487 alignright\" src=\"https:\/\/www.argentijnsemuziek.nl\/wp-content\/uploads\/MusSosa-Mercedesjong-.jpg\" alt=\"\" width=\"198\" height=\"274\" \/>Argentini\u00eb jaren 50 en 60: Nueva Canci\u00f3n<br \/>\n<\/strong>Hayd\u00e9e Marcedes Sosa werd geboren op 9 juli 1935 in Tucum\u00e1n. Op 15-jarige leeftijd won zij onder de artiestennaam Gladys Osorio een talentenjacht van een radiostation met als prijs een contract voor twee maanden radio-optredens.<br \/>\nTien jaar later was ze binnen Argentini\u00eb een bekende verschijning in de beweging van de Nuevo Cancionero, een aantal kritische musici, die vooral in teksten oude gewoonten loslieten en zongen over het leven van de gewone Argentijn. Onder hen Armando Tejada G\u00f3mez en haar man Manuel Oscar Matus. In 1965 maakte zij haar eerste CD: Canciones con Fundamento, waarop zij zichzelf begeleidt op de bombo leg\u00fcero. E\u00e9n van de nummers op deze CD was &#8216;Los Inundados&#8217; van componist Ariel Ram\u00edrez.<\/p>\n<p><strong>Europese tournee met Ariel Ram\u00edrez en wereldwijde bekendheid<\/strong><br \/>\nIn 1967 werd zij door het in Nederland gevestigde Phonogram uitgenodigd voor een Europese tournee van gevierde Argentijnse musici als Ariel Ram\u00edrez, Los Fronterizos en Jaime Torres. De organisatie wilde ook een vrouwelijke musicus in de tournee en er was niemand van de gevestigde namen beschikbaar. Zo kwam de toen nog vrij onbekende Sosa terecht in een kring van topmusici, terwijl ze daarvoor nog nauwelijks in een officieel theater had gestaan. Het verhaal gaat dat ze bij het eerste concert, in Duitsland, een staande ovatie kreeg en naar de coulissen vluchtte omdat ze dacht dat het publiek boos was. Kort voor dit optreden had ze haar televisiedebuut gemaakt bij de Nederlandse KRO. De Europese pers noemde haar &#8216;de opvolgster van Edith Piaff&#8217;. Beelden van de tournee zijn recent uitgegeven door Tropical Music op de DVD Legends of Folklore argentino. <img decoding=\"async\" class=\"alignnone size-full wp-image-4427\" src=\"https:\/\/www.argentijnsemuziek.nl\/wp-content\/uploads\/knopVideokl.jpg\" alt=\"\" width=\"10\" height=\"12\" \/>Fragment.<img decoding=\"async\" class=\"alignleft wp-image-4340 size-thumbnail\" src=\"https:\/\/www.argentijnsemuziek.nl\/wp-content\/uploads\/CDMujeresArgentinas-150x150.jpg\" alt=\"\" width=\"150\" height=\"150\" srcset=\"https:\/\/www.argentijnsemuziek.nl\/wp-content\/uploads\/CDMujeresArgentinas-150x150.jpg 150w, https:\/\/www.argentijnsemuziek.nl\/wp-content\/uploads\/CDMujeresArgentinas.jpg 250w\" sizes=\"(max-width: 150px) 100vw, 150px\" \/><br \/>\nAriel Ram\u00edrez was zo onder de indruk van de jonge zangeres dat hij speciaal voor haar ging componeren. Zo ontstonden de LP&#8217;s &#8216;<a href=\"https:\/\/www.argentijnsemuziek.nl\/index.php\/mujeres-argentinas\/\">Mujeres argentinas<\/a>&#8216; (&#8216;Argentijnse vrouwen&#8217;, 1969, met het het onvergetelijke <img decoding=\"async\" class=\"alignnone size-full wp-image-4427\" src=\"https:\/\/www.argentijnsemuziek.nl\/wp-content\/uploads\/knopVideokl.jpg\" alt=\"\" width=\"10\" height=\"12\" \/> &#8216;Alfonsina y el Mar&#8217;), en &#8216;Cantata Sudamericana&#8217;, waarin Sosa heel Zuid-Amerika bezingt met de toen zo sterke hoop op een betere samenleving (1972).<\/p>\n<p><strong>Dictatuur, ballingschap en terugkeer<\/strong><br \/>\n<img loading=\"lazy\" decoding=\"async\" class=\"size-full wp-image-4488 alignright\" src=\"https:\/\/www.argentijnsemuziek.nl\/wp-content\/uploads\/MusSosa.jpg\" alt=\"\" width=\"284\" height=\"178\" \/>Vanwege haar kritische teksten, vaak van de Chileense Violeta Parra en van Pablo Neruda, verbood de Argentijnse junta, die in 1976 de macht greep, optredens van Mercedes Sosa. Zij was toen al te bekend en te geliefd om te laten &#8216;verdwijnen&#8217;, maar zij werd in 1979 wel in een &#8216;illegaal&#8217; optreden gearresteerd, samen met het volledige publiek. De politieman die haar arresteerde zou op zijn knie\u00ebn gevallen zijn voor haar met de woorden: &#8216;vergeef mij Do\u00f1a Mercedes, ik moet dit doen&#8217;. Na haar vrijlating vluchtte zij naar Madrid en in 1980 vestigde zij zich in Parijs.<br \/>\nBegin 1982, nog voor het einde van de, inmiddels zieltogende, dictatuur kon Mercedes Sosa weer optreden in Buenos Aires. Haar 13 optredens in Teatro Op\u00e9ra trokken niet alleen haar vroegere publiek, maar ook heel veel jongeren. De CD &#8216;Mercedes Sosa en Argentina&#8217; kwam voort uit deze concerten. Na de vuile oorlog kende haar populariteit in Argentini\u00eb, en de rest van Zuid-Amerika, geen grenzen. Haar liederen als &#8216;Gracias a la Vida&#8217;, &#8216;Cambia&#8217; en &#8216;Alfonsina y el Mar&#8217; worden wereldwijd meegezongen.<\/p>\n<p><strong>Ongekende roem, zwakke gezondheid en Misa Criolla<\/strong><br \/>\nOok in de rest van de wereld werd zij gevierd en stonden de grootste en belangrijkste theaters voor haar open. Zij werd door de Franse regering gehuldigd als Commandeur in de orde van Kunst en Letterkunde. In 1992 werd zij ereburger van Buenos Aires.<br \/>\nDe laatste jaren verslechterde de gezondheid van Mercedes Sosa sterk, zodat menige tournee werd afgelast. Toch kwam zij steeds weer terug op de wereldpodia. Met moeite beklom zij de laatste jaren het podium. Medewerkers hielpen haar op een stoel en zo zong zij. Haar stem bleef imposant en het publiek lag nog altijd aan haar voeten.<br \/>\n<img loading=\"lazy\" decoding=\"async\" class=\"alignleft wp-image-4337 size-thumbnail\" src=\"https:\/\/www.argentijnsemuziek.nl\/wp-content\/uploads\/CDMisa-Mercedes-Sosa-150x150.jpg\" alt=\"\" width=\"150\" height=\"150\" srcset=\"https:\/\/www.argentijnsemuziek.nl\/wp-content\/uploads\/CDMisa-Mercedes-Sosa-150x150.jpg 150w, https:\/\/www.argentijnsemuziek.nl\/wp-content\/uploads\/CDMisa-Mercedes-Sosa.jpg 300w\" sizes=\"(max-width: 150px) 100vw, 150px\" \/>In \u00e9\u00e9n van haar eerste ziekteperioden verklaarde zij dat zij, als zij zou herstellen, de <a href=\"https:\/\/www.argentijnsemuziek.nl\/index.php\/4592-2\/\">Misa Criolla<\/a> van Ram\u00edrez zou gaan opnemen. De CD kwam eind 1999 in Argentini\u00eb uit en in 2000 in Europa. Naast Misa Criolla stond de kerstcantate Navidad Nuestra op de CD.<br \/>\nOp het moment van haar overlijden op 4 oktober 2009 was zij nog genomineerd voor een Grammy award voor haar CD Cantora, die een week voor haar overlijden uitkwam.<\/p>\n<p>Op de site <a href=\"https:\/\/tangodiario.com\/\" target=\"_blank\" rel=\"noopener\">tangodiario<\/a> kun je (in het Spaans) een podcast beluisteren over Mercedes Sosa met een interview.<\/p>\n","protected":false},"excerpt":{"rendered":"<p>De Stem van Zuid-Amerika Argentini\u00eb jaren 50 en 60: Nueva Canci\u00f3n Hayd\u00e9e Marcedes Sosa werd geboren op 9 juli 1935 in Tucum\u00e1n. Op 15-jarige leeftijd won zij onder de artiestennaam Gladys Osorio een talentenjacht van een radiostation met als prijs een contract voor twee maanden radio-optredens. Tien jaar later was ze binnen Argentini\u00eb een bekende &#8230; <a title=\"Mercedes Sosa\" class=\"read-more\" href=\"https:\/\/www.argentijnsemuziek.nl\/index.php\/mercedes-sosa\/\" aria-label=\"Lees meer over Mercedes Sosa\">Lees verder<\/a><\/p>\n","protected":false},"author":17,"featured_media":0,"parent":0,"menu_order":0,"comment_status":"closed","ping_status":"closed","template":"","meta":{"footnotes":""},"class_list":["post-4635","page","type-page","status-publish"],"_links":{"self":[{"href":"https:\/\/www.argentijnsemuziek.nl\/index.php\/wp-json\/wp\/v2\/pages\/4635","targetHints":{"allow":["GET"]}}],"collection":[{"href":"https:\/\/www.argentijnsemuziek.nl\/index.php\/wp-json\/wp\/v2\/pages"}],"about":[{"href":"https:\/\/www.argentijnsemuziek.nl\/index.php\/wp-json\/wp\/v2\/types\/page"}],"author":[{"embeddable":true,"href":"https:\/\/www.argentijnsemuziek.nl\/index.php\/wp-json\/wp\/v2\/users\/17"}],"replies":[{"embeddable":true,"href":"https:\/\/www.argentijnsemuziek.nl\/index.php\/wp-json\/wp\/v2\/comments?post=4635"}],"version-history":[{"count":1,"href":"https:\/\/www.argentijnsemuziek.nl\/index.php\/wp-json\/wp\/v2\/pages\/4635\/revisions"}],"predecessor-version":[{"id":4636,"href":"https:\/\/www.argentijnsemuziek.nl\/index.php\/wp-json\/wp\/v2\/pages\/4635\/revisions\/4636"}],"wp:attachment":[{"href":"https:\/\/www.argentijnsemuziek.nl\/index.php\/wp-json\/wp\/v2\/media?parent=4635"}],"curies":[{"name":"wp","href":"https:\/\/api.w.org\/{rel}","templated":true}]}}