{"id":4664,"date":"2023-07-30T15:23:09","date_gmt":"2023-07-30T13:23:09","guid":{"rendered":"https:\/\/www.argentijnsemuziek.nl\/?page_id=4664"},"modified":"2023-10-24T23:27:34","modified_gmt":"2023-10-24T21:27:34","slug":"dansen-en-ritmes","status":"publish","type":"page","link":"https:\/\/www.argentijnsemuziek.nl\/index.php\/dansen-en-ritmes\/","title":{"rendered":"Dansen en ritmes"},"content":{"rendered":"<p><a href=\"https:\/\/www.argentijnsemuziek.nl\/index.php\/dansen-en-ritmes-zoeken\/\" rel=\"noopener\">Alfabetische lijst<\/a><\/p>\n<p><strong>Oorsprong<\/strong><\/p>\n<p><img decoding=\"async\" class=\"wp-image-4438 size-medium alignright\" src=\"https:\/\/www.argentijnsemuziek.nl\/wp-content\/uploads\/krtritmes-143x300.jpg\" alt=\"\" width=\"143\" height=\"300\" srcset=\"https:\/\/www.argentijnsemuziek.nl\/wp-content\/uploads\/krtritmes-143x300.jpg 143w, https:\/\/www.argentijnsemuziek.nl\/wp-content\/uploads\/krtritmes.jpg 320w\" sizes=\"(max-width: 143px) 100vw, 143px\" \/><img decoding=\"async\" class=\"wp-image-4353 size-thumbnail alignleft\" src=\"https:\/\/www.argentijnsemuziek.nl\/wp-content\/uploads\/dansChacarera-150x150.jpg\" alt=\"\" width=\"150\" height=\"150\" \/>Argentini\u00eb heeft meer te bieden dan tango. De bonte mengeling van volkeren in Argentini\u00eb heeft een rijk scala aan dansen en ritmes voortgebracht, vooral van Indiaanse, Spaanse en Afrikaanse oorsprong, vari\u00ebrend van de levendige en zeer populaire <a href=\"https:\/\/www.argentijnsemuziek.nl\/index.php\/chacarera\/\">chacarera<\/a> tot de gevoelige <a href=\"https:\/\/www.argentijnsemuziek.nl\/index.php\/zamba-en-cueca\/\">zamba<\/a>. Hoewel er tegenwoordig nauwelijks meer Afrikanen in Argentini\u00eb wonen, was dat in de 19e eeuw zeker wel het geval.<br \/>\nSommige ritmes komen ook elders in Zuid-Amerika voor, maar hebben in Argentini\u00eb hun eigen karakter gekregen. Ook binnen Argentini\u00eb zijn er verschillen. Iedere regio gaf zijn eigen kleur aan een muziek-of dansvorm of er ontstonden weer nieuwe vormen.<br \/>\nDe meeste dansen zijn in de 19e eeuw ontstaan. Paren raken elkaar niet aan, maar dansen om elkaar heen, vaak met een witte zakdoek in de hand.<\/p>\n<p><strong>Indeling ritmes en dansen, hoe zoek ik een genre op deze site?<\/strong><br \/>\nIedere indeling van genres is willekeurig. Op deze site is geprobeerd in het menu een min of meer geografische indeling toe te passen, maar soms is dat meer naar streek van herkomst, soms meer naar de streek waar het ritme nu veel gebruikt wordt. Als je een ritme zoekt waarvan je de naam weet, kun je het beste gebruik maken van de <a href=\"https:\/\/www.argentijnsemuziek.nl\/index.php\/dansen-en-ritmes-zoeken\/\" rel=\"noopener\">alfabetische lijst<\/a>. Bij de beschrijving staat meestal de oorsprong vermeld, iets over het muzikale karakter en voorbeelden in audio en\/of video.<\/p>\n<p><strong>Argentijnse volksmuziek na 1960<\/strong><\/p>\n<figure id=\"attachment_4487\" aria-describedby=\"caption-attachment-4487\" style=\"width: 140px\" class=\"wp-caption alignleft\"><img decoding=\"async\" class=\"wp-image-4487\" src=\"https:\/\/www.argentijnsemuziek.nl\/wp-content\/uploads\/MusSosa-Mercedesjong-.jpg\" alt=\"\" width=\"150\" height=\"208\" \/><figcaption id=\"caption-attachment-4487\" class=\"wp-caption-text\">Mercedes Sosa<\/figcaption><\/figure>\n<p>De Zuid-Amerikaanse volksmuziek werd in het begin van de jaren 60 van de vorige eeuw in Europa erg populair, eerst in zijn gebruikelijke vorm: vaak vocale kwartetten die zichzelf begeleidden en die net wat gepolijster waren dan de muziek die spontaan ontstond. Zo werd in Nederland in 1961 een Edison uitgereikt aan het kwartet Los Fronterizos. In 1964 componeerde Ariel Ram\u00edrez zijn <a href=\"https:\/\/www.argentijnsemuziek.nl\/index.php\/misa-criolla\/\">Misa Criolla<\/a> met Los Fronterizos in de solopartijen. Het is nog steeds \u00e9\u00e9n van de meest gezongen werken bij koren overal ter wereld.<br \/>\nIn diezelfde tijd ontstond in Argentini\u00eb de &#8216;nueva canci\u00f3n&#8217;. Musici als Atahualpa Yupanqui bliezen de volksmuziek nieuw leven in, meestal met een maatschappelijk betrokken inhoud. Ram\u00edrez presenteerde in 1967 o.a. zijn Misa Criolla in Europa. Bij deze tournee nam hij, naast Los Fronterizos, een toen nog onbekende jonge zangeres mee: <a href=\"https:\/\/www.argentijnsemuziek.nl\/index.php\/mercedes-sosa\/\">Mercedes Sosa<\/a>, die zou uitgroeien tot &#8216;de stem van Zuid-Amerika&#8217;. Voor haar componeerde Ram\u00edrez o.a. <a href=\"https:\/\/www.argentijnsemuziek.nl\/index.php\/mujeres-argentinas\/\">Mujeres Argentinas<\/a> (Argentijnse Vrouwen 1969, met o.a. Alfonsina y el Mar) en Cantata Sudamericana (met o.a. &#8216;Indio Toba&#8217;, Antiguo Due\u00f1o de las Flechas).<br \/>\nVanaf de jaren 90 worden de volksgenres, net als de tango, vaak gecombineerd met jazz of elektronische muziek. Soms is dit een verrijking, vaak lijkt het een &#8216;opleuken&#8217; van de oorspronkelijke muziekvorm, mogelijk een teken, dat de waarde van de volksmuziek in het land van herkomst onderschat wordt.<\/p>\n<p><strong>Uitvoering van Argentijnse ritmes<\/strong><br \/>\nDe meeste folklore-genres van Argentini\u00eb zijn dansen. Dat betekent dat het ritme strikt is en het tempo vast ligt.<br \/>\n<a href=\"https:\/\/www.argentijnsemuziek.nl\/index.php\/ariel-ramirez\/\">Ram\u00edrez<\/a> combineert vaak ritmes en gebruikt soms een inleiding of overgang buiten het ritme om. Op die plaatsen, en soms aan het eind, gebruikt hij formaten en is er, vaak volop, ruimte voor tempowisselingen. Binnen het ritme kan dat juist niet! Ram\u00edrez hanteert vaak uitgesproken verschillen tussen hard en zacht.<\/p>\n","protected":false},"excerpt":{"rendered":"<p>Alfabetische lijst Oorsprong Argentini\u00eb heeft meer te bieden dan tango. De bonte mengeling van volkeren in Argentini\u00eb heeft een rijk scala aan dansen en ritmes voortgebracht, vooral van Indiaanse, Spaanse en Afrikaanse oorsprong, vari\u00ebrend van de levendige en zeer populaire chacarera tot de gevoelige zamba. Hoewel er tegenwoordig nauwelijks meer Afrikanen in Argentini\u00eb wonen, was &#8230; <a title=\"Dansen en ritmes\" class=\"read-more\" href=\"https:\/\/www.argentijnsemuziek.nl\/index.php\/dansen-en-ritmes\/\" aria-label=\"Lees meer over Dansen en ritmes\">Lees verder<\/a><\/p>\n","protected":false},"author":17,"featured_media":0,"parent":0,"menu_order":0,"comment_status":"closed","ping_status":"closed","template":"","meta":{"footnotes":""},"class_list":["post-4664","page","type-page","status-publish"],"_links":{"self":[{"href":"https:\/\/www.argentijnsemuziek.nl\/index.php\/wp-json\/wp\/v2\/pages\/4664","targetHints":{"allow":["GET"]}}],"collection":[{"href":"https:\/\/www.argentijnsemuziek.nl\/index.php\/wp-json\/wp\/v2\/pages"}],"about":[{"href":"https:\/\/www.argentijnsemuziek.nl\/index.php\/wp-json\/wp\/v2\/types\/page"}],"author":[{"embeddable":true,"href":"https:\/\/www.argentijnsemuziek.nl\/index.php\/wp-json\/wp\/v2\/users\/17"}],"replies":[{"embeddable":true,"href":"https:\/\/www.argentijnsemuziek.nl\/index.php\/wp-json\/wp\/v2\/comments?post=4664"}],"version-history":[{"count":5,"href":"https:\/\/www.argentijnsemuziek.nl\/index.php\/wp-json\/wp\/v2\/pages\/4664\/revisions"}],"predecessor-version":[{"id":5750,"href":"https:\/\/www.argentijnsemuziek.nl\/index.php\/wp-json\/wp\/v2\/pages\/4664\/revisions\/5750"}],"wp:attachment":[{"href":"https:\/\/www.argentijnsemuziek.nl\/index.php\/wp-json\/wp\/v2\/media?parent=4664"}],"curies":[{"name":"wp","href":"https:\/\/api.w.org\/{rel}","templated":true}]}}