{"id":4719,"date":"2023-07-31T13:18:44","date_gmt":"2023-07-31T11:18:44","guid":{"rendered":"https:\/\/www.argentijnsemuziek.nl\/?page_id=4719"},"modified":"2023-11-14T15:12:42","modified_gmt":"2023-11-14T14:12:42","slug":"muziekinstrumenten-zoeken","status":"publish","type":"page","link":"https:\/\/www.argentijnsemuziek.nl\/index.php\/muziekinstrumenten-zoeken\/","title":{"rendered":"Muziekinstrumenten zoeken"},"content":{"rendered":"<p><strong>Zoek op alfabet<\/strong><\/p>\n<p>Als je informatie over een bepaald instrument zoekt kun je het aanklikken op onderstaande lijst. Bij de beschrijving vind je meestal iets over de oorsprong, vaak over het materiaal en bijna altijd ook voorbeelden in audio en\/of video.<\/p>\n<table style=\"width: 99.1935%; border-collapse: collapse; height: 458px;\">\n<tbody>\n<tr style=\"height: 430px;\">\n<td style=\"width: 33.3333%; height: 430px;\"><a href=\"https:\/\/www.argentijnsemuziek.nl\/index.php\/raspen-en-wrijven\/\">afuche<\/a><br \/>\n<a href=\"https:\/\/www.argentijnsemuziek.nl\/index.php\/harmonicas\/\">accordeon<\/a><br \/>\n<a href=\"https:\/\/www.argentijnsemuziek.nl\/index.php\/siku\/\">antara<\/a><br \/>\n<a href=\"https:\/\/www.argentijnsemuziek.nl\/index.php\/snaarinstrumenten\/#arpa\">arpa<\/a><br \/>\n<a href=\"https:\/\/www.argentijnsemuziek.nl\/index.php\/harmonicas\/\">bandone\u00f3n<\/a><br \/>\n<a href=\"https:\/\/www.argentijnsemuziek.nl\/index.php\/trommels\/\">bombo leg\u00fcero<\/a><br \/>\n<a href=\"https:\/\/www.argentijnsemuziek.nl\/index.php\/conga-en-bongo\/\">bongo<\/a><br \/>\n<a href=\"https:\/\/www.argentijnsemuziek.nl\/index.php\/raspen-en-wrijven\/\">cabasa<\/a><br \/>\n<a href=\"https:\/\/www.argentijnsemuziek.nl\/index.php\/erke-en-andere-hoorns\/\">ca\u00f1a chapaca<\/a><br \/>\n<a href=\"https:\/\/www.argentijnsemuziek.nl\/index.php\/trommels\/\">caja<\/a><br \/>\n<a href=\"https:\/\/www.argentijnsemuziek.nl\/index.php\/cajon-peruano\/\">caj\u00f3n peruano<\/a><br \/>\n<a href=\"https:\/\/www.argentijnsemuziek.nl\/index.php\/rammelen-met-een-doosje\/\">calabasas<\/a><br \/>\n<a href=\"https:\/\/www.argentijnsemuziek.nl\/index.php\/raspen-en-wrijven\/\">carracho<\/a><br \/>\n<a href=\"https:\/\/www.argentijnsemuziek.nl\/index.php\/rammelen-met-een-doosje\/\">cestos<\/a><br \/>\n<a href=\"https:\/\/www.argentijnsemuziek.nl\/index.php\/charango\/\">charango<\/a><br \/>\n<a href=\"https:\/\/www.argentijnsemuziek.nl\/index.php\/tegen-elkaar-slaan\/\">chajchas<\/a><\/td>\n<td style=\"width: 33.3333%; height: 430px;\"><a href=\"https:\/\/www.argentijnsemuziek.nl\/index.php\/siku\/\">chulis<\/a><br \/>\n<a href=\"https:\/\/www.argentijnsemuziek.nl\/index.php\/tegen-elkaar-slaan\/\">claves<\/a><br \/>\n<a href=\"https:\/\/www.argentijnsemuziek.nl\/index.php\/conga-en-bongo\/\">conga<\/a><br \/>\n<a href=\"https:\/\/www.argentijnsemuziek.nl\/index.php\/erke-en-andere-hoorns\/\">erke<\/a><br \/>\n<a href=\"https:\/\/www.argentijnsemuziek.nl\/index.php\/snaarinstrumenten\/\">gitaar<\/a><br \/>\n<a href=\"https:\/\/www.argentijnsemuziek.nl\/index.php\/raspen-en-wrijven\/\">g\u00fciro<\/a><br \/>\n<a href=\"https:\/\/www.argentijnsemuziek.nl\/index.php\/snaarinstrumenten\/\">harp<\/a><br \/>\n<a href=\"https:\/\/www.argentijnsemuziek.nl\/index.php\/caja\/\">huancara<\/a><br \/>\n<a href=\"https:\/\/www.argentijnsemuziek.nl\/index.php\/tegen-elkaar-slaan\/\">huesos de fraile<\/a><br \/>\n<a href=\"https:\/\/www.argentijnsemuziek.nl\/index.php\/trommels\/\">kultr\u00fan<\/a><br \/>\n<a href=\"https:\/\/www.argentijnsemuziek.nl\/index.php\/siku\/\">maltas<\/a><br \/>\n<a href=\"https:\/\/www.argentijnsemuziek.nl\/index.php\/rammelen-met-een-doosje\/\">maracas<\/a><br \/>\n<a href=\"https:\/\/www.argentijnsemuziek.nl\/index.php\/erke-en-andere-hoorns\/\">\u00f1olkin<\/a><br \/>\n<a href=\"https:\/\/www.argentijnsemuziek.nl\/index.php\/rammelen-met-een-doosje\/\">palo de lluvia<\/a><br \/>\n<a href=\"https:\/\/www.argentijnsemuziek.nl\/index.php\/rammels-en-ritsels\/\">pezu\u00f1as<\/a><br \/>\n<a href=\"https:\/\/www.argentijnsemuziek.nl\/index.php\/blaasinstrumenten\/#pifilca\">pifilca (pif\u00fcllka)<\/a><\/td>\n<td style=\"width: 33.3333%; height: 430px;\"><a href=\"https:\/\/www.argentijnsemuziek.nl\/index.php\/quena\/\">quena<\/a><br \/>\n<a href=\"https:\/\/www.argentijnsemuziek.nl\/index.php\/erke-en-andere-hoorns\/\">quepa<\/a><br \/>\n<a href=\"https:\/\/www.argentijnsemuziek.nl\/index.php\/rammelen-met-een-doosje\/#regenpaal\">regenbuis<\/a><br \/>\n<a href=\"https:\/\/www.argentijnsemuziek.nl\/index.php\/siku\/\">sankas<\/a><br \/>\n<a href=\"https:\/\/www.argentijnsemuziek.nl\/index.php\/siku\/\">siku<\/a><br \/>\n<a href=\"https:\/\/www.argentijnsemuziek.nl\/index.php\/tegen-elkaar-slaan\/\">tamboerijn<\/a><br \/>\n<a href=\"https:\/\/www.argentijnsemuziek.nl\/index.php\/caja\/\">tambor<\/a><br \/>\n<a href=\"https:\/\/www.argentijnsemuziek.nl\/index.php\/caja\/\">tinya<\/a><br \/>\n<a href=\"https:\/\/www.argentijnsemuziek.nl\/index.php\/erke-en-andere-hoorns\/\">tira tira<\/a><br \/>\n<a href=\"https:\/\/www.argentijnsemuziek.nl\/index.php\/tegen-elkaar-slaan\/\">triangel<\/a><br \/>\n<a href=\"https:\/\/www.argentijnsemuziek.nl\/index.php\/erke-en-andere-hoorns\/\">trutruka (trutruca)<\/a><br \/>\n<a href=\"https:\/\/www.argentijnsemuziek.nl\/index.php\/conga-en-bongo\/\">tumbadora<\/a><br \/>\n<a href=\"https:\/\/www.argentijnsemuziek.nl\/index.php\/raspen-en-wrijven\/#udu\">udu<\/a><br \/>\n<a href=\"https:\/\/www.argentijnsemuziek.nl\/index.php\/rammelen-met-een-doosje\/\">vaina<\/a><br \/>\n<a href=\"https:\/\/www.argentijnsemuziek.nl\/index.php\/viool\/\">viool<\/a><br \/>\n<a href=\"https:\/\/www.argentijnsemuziek.nl\/index.php\/raspen-en-wrijven\/\">wiro<\/a><br \/>\n<a href=\"https:\/\/www.argentijnsemuziek.nl\/index.php\/siku\/\">zampo\u00f1a<\/a><\/td>\n<\/tr>\n<\/tbody>\n<\/table>\n","protected":false},"excerpt":{"rendered":"<p>Zoek op alfabet Als je informatie over een bepaald instrument zoekt kun je het aanklikken op onderstaande lijst. Bij de beschrijving vind je meestal iets over de oorsprong, vaak over het materiaal en bijna altijd ook voorbeelden in audio en\/of video. afuche accordeon antara arpa bandone\u00f3n bombo leg\u00fcero bongo cabasa ca\u00f1a chapaca caja caj\u00f3n peruano &#8230; <a title=\"Muziekinstrumenten zoeken\" class=\"read-more\" href=\"https:\/\/www.argentijnsemuziek.nl\/index.php\/muziekinstrumenten-zoeken\/\" aria-label=\"Lees meer over Muziekinstrumenten zoeken\">Lees verder<\/a><\/p>\n","protected":false},"author":17,"featured_media":0,"parent":0,"menu_order":0,"comment_status":"closed","ping_status":"closed","template":"","meta":{"footnotes":""},"class_list":["post-4719","page","type-page","status-publish"],"_links":{"self":[{"href":"https:\/\/www.argentijnsemuziek.nl\/index.php\/wp-json\/wp\/v2\/pages\/4719","targetHints":{"allow":["GET"]}}],"collection":[{"href":"https:\/\/www.argentijnsemuziek.nl\/index.php\/wp-json\/wp\/v2\/pages"}],"about":[{"href":"https:\/\/www.argentijnsemuziek.nl\/index.php\/wp-json\/wp\/v2\/types\/page"}],"author":[{"embeddable":true,"href":"https:\/\/www.argentijnsemuziek.nl\/index.php\/wp-json\/wp\/v2\/users\/17"}],"replies":[{"embeddable":true,"href":"https:\/\/www.argentijnsemuziek.nl\/index.php\/wp-json\/wp\/v2\/comments?post=4719"}],"version-history":[{"count":5,"href":"https:\/\/www.argentijnsemuziek.nl\/index.php\/wp-json\/wp\/v2\/pages\/4719\/revisions"}],"predecessor-version":[{"id":5906,"href":"https:\/\/www.argentijnsemuziek.nl\/index.php\/wp-json\/wp\/v2\/pages\/4719\/revisions\/5906"}],"wp:attachment":[{"href":"https:\/\/www.argentijnsemuziek.nl\/index.php\/wp-json\/wp\/v2\/media?parent=4719"}],"curies":[{"name":"wp","href":"https:\/\/api.w.org\/{rel}","templated":true}]}}