{"id":4837,"date":"2023-08-03T11:44:46","date_gmt":"2023-08-03T09:44:46","guid":{"rendered":"https:\/\/www.argentijnsemuziek.nl\/?page_id=4837"},"modified":"2026-03-30T11:13:02","modified_gmt":"2026-03-30T09:13:02","slug":"tournee-javier-rodriguez","status":"publish","type":"page","link":"https:\/\/www.argentijnsemuziek.nl\/index.php\/tournee-javier-rodriguez\/","title":{"rendered":"Tournee Javier Rodr\u00edguez"},"content":{"rendered":"<p><img decoding=\"async\" class=\"alignnone size-full wp-image-4427\" src=\"https:\/\/www.argentijnsemuziek.nl\/wp-content\/uploads\/knopVideokl.jpg\" alt=\"\" width=\"10\" height=\"12\" \/> <a href=\"https:\/\/youtu.be\/Rmc5CxZ7X-k\" target=\"_blank\" rel=\"noopener\">Italiaanse premi\u00e8re<\/a> Misa por la Paz y la Justicia december 2025 Bologna<\/p>\n<p><a href=\"https:\/\/www.argentijnsemuziek.nl\/index.php\/javier-rodriguez\/\">Javier Rodr\u00edguez<\/a> <img decoding=\"async\" class=\"alignright wp-image-4747\" src=\"https:\/\/www.argentijnsemuziek.nl\/wp-content\/uploads\/2021Javier-Rodriguez1-300x200.jpg\" alt=\"\" width=\"272\" height=\"181\" srcset=\"https:\/\/www.argentijnsemuziek.nl\/wp-content\/uploads\/2021Javier-Rodriguez1-300x200.jpg 300w, https:\/\/www.argentijnsemuziek.nl\/wp-content\/uploads\/2021Javier-Rodriguez1-1024x682.jpg 1024w, https:\/\/www.argentijnsemuziek.nl\/wp-content\/uploads\/2021Javier-Rodriguez1-768x512.jpg 768w, https:\/\/www.argentijnsemuziek.nl\/wp-content\/uploads\/2021Javier-Rodriguez1.jpg 1280w\" sizes=\"(max-width: 272px) 100vw, 272px\" \/>komt geregeld naar Europa voor tournees. Hij zingt met Europese koren vooral koorwerk van Ram\u00edrez, waaronder <a href=\"https:\/\/www.argentijnsemuziek.nl\/index.php\/4592-2\/\">Misa Criolla<\/a>. Daarnaast zingt hij zijn eigen solorepertoire van Argentijnse volksmuziek en tango&#8217;s.<br \/>\n<a href=\"mailto:info@argentijnsemuziek.nl?subject=aankondiging%20event%20met%20Argentijnse%20muziek\">mail<\/a> voor info over mogelijkheden hem te contracteren in 2026.<\/p>\n<p>Eerste concerten bekend van de <span style=\"color: #043669;\"><strong>Europese tournee 2026<\/strong>, samen met pianist\/multi-instrumentalist Nicol\u00e1s Diez,<\/span><\/p>\n<ul>\n<li>Jubileumconcerten 20 jr <a href=\"https:\/\/provocanto.nl\/\" target=\"_blank\" rel=\"noopener\">Stampij<\/a> met <a href=\"https:\/\/www.argentijnsemuziek.nl\/index.php\/javier-rodriguez\/\">Javier Rodr\u00edguez<\/a> olv Hans Tijssen met oa <a href=\"https:\/\/www.argentijnsemuziek.nl\/index.php\/misa-criolla\/\">Misa Criolla<\/a> en <a href=\"https:\/\/www.argentijnsemuziek.nl\/index.php\/navidad-nuestra\/\">Navidad Nuestra<\/a>.<\/li>\n<\/ul>\n<p><img fetchpriority=\"high\" decoding=\"async\" class=\"size-medium wp-image-4327 aligncenter\" src=\"https:\/\/www.argentijnsemuziek.nl\/wp-content\/uploads\/2011JRHuygens-300x195.jpg\" alt=\"\" width=\"300\" height=\"195\" srcset=\"https:\/\/www.argentijnsemuziek.nl\/wp-content\/uploads\/2011JRHuygens-300x195.jpg 300w, https:\/\/www.argentijnsemuziek.nl\/wp-content\/uploads\/2011JRHuygens.jpg 552w\" sizes=\"(max-width: 300px) 100vw, 300px\" \/><\/p>\n<p>Za 14-11 <strong>Zwolle<\/strong> <a href=\"https:\/\/www.ticketkantoor.nl\/shop\/MC26ZWO\" target=\"_blank\" rel=\"noopener\">Plantagekerk<\/a> 20:00 uur<br \/>\nzo 15-11 <strong>Utrecht<\/strong> <a href=\"https:\/\/www.ticketkantoor.nl\/shop\/MC26UTRM\" target=\"_blank\" rel=\"noopener\">Geertekerk<\/a> 15:00 uur<br \/>\nvr 20-11 <strong>Hoevelaken<\/strong> <a href=\"https:\/\/www.ticketkantoor.nl\/shop\/MC26HOEV\" target=\"_blank\" rel=\"noopener\">Eshof<\/a> 20:00 uur<br \/>\nzo 22-11 <strong>Groningen<\/strong> <a href=\"https:\/\/www.ticketkantoor.nl\/shop\/MC26GROM\" target=\"_blank\" rel=\"noopener\">Nieuwe Kerk<\/a> 15:00 uur<br \/>\nwo 25-11 <strong>Hattem<\/strong> <a href=\"https:\/\/www.ticketkantoor.nl\/shop\/MC26HTMA\" target=\"_blank\" rel=\"noopener\">Grote Kerk<\/a> 20:00 uur<br \/>\nza 28-11 <strong>Deventer<\/strong> Bergkerk <a href=\"https:\/\/www.ticketkantoor.nl\/shop\/MC26DEVM\" target=\"_blank\" rel=\"noopener\">15:00 uur<\/a> en <a href=\"https:\/\/www.ticketkantoor.nl\/shop\/MC26DEVA\" target=\"_blank\" rel=\"noopener\">20:00 uur<\/a><\/p>\n","protected":false},"excerpt":{"rendered":"<p>Italiaanse premi\u00e8re Misa por la Paz y la Justicia december 2025 Bologna Javier Rodr\u00edguez komt geregeld naar Europa voor tournees. Hij zingt met Europese koren vooral koorwerk van Ram\u00edrez, waaronder Misa Criolla. Daarnaast zingt hij zijn eigen solorepertoire van Argentijnse volksmuziek en tango&#8217;s. mail voor info over mogelijkheden hem te contracteren in 2026. Eerste concerten &#8230; <a title=\"Tournee Javier Rodr\u00edguez\" class=\"read-more\" href=\"https:\/\/www.argentijnsemuziek.nl\/index.php\/tournee-javier-rodriguez\/\" aria-label=\"Lees meer over Tournee Javier Rodr\u00edguez\">Lees verder<\/a><\/p>\n","protected":false},"author":17,"featured_media":0,"parent":0,"menu_order":0,"comment_status":"closed","ping_status":"closed","template":"","meta":{"footnotes":""},"class_list":["post-4837","page","type-page","status-publish"],"_links":{"self":[{"href":"https:\/\/www.argentijnsemuziek.nl\/index.php\/wp-json\/wp\/v2\/pages\/4837","targetHints":{"allow":["GET"]}}],"collection":[{"href":"https:\/\/www.argentijnsemuziek.nl\/index.php\/wp-json\/wp\/v2\/pages"}],"about":[{"href":"https:\/\/www.argentijnsemuziek.nl\/index.php\/wp-json\/wp\/v2\/types\/page"}],"author":[{"embeddable":true,"href":"https:\/\/www.argentijnsemuziek.nl\/index.php\/wp-json\/wp\/v2\/users\/17"}],"replies":[{"embeddable":true,"href":"https:\/\/www.argentijnsemuziek.nl\/index.php\/wp-json\/wp\/v2\/comments?post=4837"}],"version-history":[{"count":6,"href":"https:\/\/www.argentijnsemuziek.nl\/index.php\/wp-json\/wp\/v2\/pages\/4837\/revisions"}],"predecessor-version":[{"id":6562,"href":"https:\/\/www.argentijnsemuziek.nl\/index.php\/wp-json\/wp\/v2\/pages\/4837\/revisions\/6562"}],"wp:attachment":[{"href":"https:\/\/www.argentijnsemuziek.nl\/index.php\/wp-json\/wp\/v2\/media?parent=4837"}],"curies":[{"name":"wp","href":"https:\/\/api.w.org\/{rel}","templated":true}]}}