{"id":4996,"date":"2023-08-03T23:38:06","date_gmt":"2023-08-03T21:38:06","guid":{"rendered":"https:\/\/www.argentijnsemuziek.nl\/?page_id=4996"},"modified":"2024-11-25T14:44:12","modified_gmt":"2024-11-25T13:44:12","slug":"verspreid-over-argentinie","status":"publish","type":"page","link":"https:\/\/www.argentijnsemuziek.nl\/index.php\/verspreid-over-argentinie\/","title":{"rendered":"Verspreid over Argentini\u00eb"},"content":{"rendered":"<p><img decoding=\"async\" class=\"alignright wp-image-4441\" src=\"https:\/\/www.argentijnsemuziek.nl\/wp-content\/uploads\/krtZamacueca-141x300.jpg\" alt=\"\" width=\"130\" height=\"277\" srcset=\"https:\/\/www.argentijnsemuziek.nl\/wp-content\/uploads\/krtZamacueca-141x300.jpg 141w, https:\/\/www.argentijnsemuziek.nl\/wp-content\/uploads\/krtZamacueca.jpg 211w\" sizes=\"(max-width: 130px) 100vw, 130px\" \/>Enkele dansen zijn in heel Argentini\u00eb populair en worden hier bij elkaar besproken.<\/p>\n<p>De zamba en de cueca stammen beide van de Peruaanse zamacueca.<\/p>\n<p>Ook de feestritmes chacarera en gato zijn aan elkaar verwant. Deze zijn waarschijnlijk in Argentini\u00eb zelf ontstaan.<\/p>\n<p><img decoding=\"async\" class=\" wp-image-4354 alignleft\" src=\"https:\/\/www.argentijnsemuziek.nl\/wp-content\/uploads\/dansChacarera2.jpg\" alt=\"\" width=\"142\" height=\"142\" \/><\/p>\n<p>De\u00a0<span class=\"auto-style7\"><strong>chacarera<\/strong><\/span>\u00a0is zonder meer de populairste feestdans in Argentini\u00eb.\u00a0\u00a0Hoewel het ritme geen directe verwantschap heeft met de tango wordt hij ook in tangosalons gedanst. De combinatie van 6\/8 maat in de melodie en 3\/4 in de begeleiding maakt het ritme aanstekelijk, maar voor Europeanen moeilijk uit te voeren.<br \/>\n<a class=\"auto-style11\" href=\"https:\/\/www.argentijnsemuziek.nl\/index.php\/chacarera\/\"><span class=\"auto-style7\">Lees meer &#8230;<\/span><\/a><br \/>\n<img decoding=\"async\" class=\"alignnone size-full wp-image-4427\" src=\"https:\/\/www.argentijnsemuziek.nl\/wp-content\/uploads\/knopVideokl.jpg\" alt=\"\" width=\"10\" height=\"12\" \/>\u00a0<a href=\"https:\/\/www.youtube.com\/watch?v=GaDeFxMzdS4\" target=\"_blank\" rel=\"noopener\">gedanste chacarera<\/a>\u00a0op de zondagse Feria de Mataderos in Buenos Aires<br \/>\n<img decoding=\"async\" class=\"alignnone size-full wp-image-4427\" src=\"https:\/\/www.argentijnsemuziek.nl\/wp-content\/uploads\/knopVideokl.jpg\" alt=\"\" width=\"10\" height=\"12\" \/>\u00a0<a href=\"https:\/\/www.argentijnsemuziek.nl\/wp-content\/uploads\/Pagos.mp4\" target=\"_blank\" rel=\"noopener\">De mis pagos<\/a>\u00a0van Argentino Jerez, gezongen door Javier Rodr\u00edguez, Veldhoven Theater de Schalm 2004, dans Daniel Pascual<\/p>\n<p><img loading=\"lazy\" decoding=\"async\" class=\" wp-image-4358 alignleft\" src=\"https:\/\/www.argentijnsemuziek.nl\/wp-content\/uploads\/dansGato-300x231.jpg\" alt=\"\" width=\"146\" height=\"113\" srcset=\"https:\/\/www.argentijnsemuziek.nl\/wp-content\/uploads\/dansGato-300x231.jpg 300w, https:\/\/www.argentijnsemuziek.nl\/wp-content\/uploads\/dansGato.jpg 381w\" sizes=\"(max-width: 146px) 100vw, 146px\" \/>De\u00a0<span class=\"auto-style7\"><strong>gato<\/strong><\/span>\u00a0is een snelle en beweeglijke Creoolse dans en werd overal in Argentini\u00eb gedanst, waarschijnlijk al v\u00f3\u00f3r 1820. Het ritme komt ook in andere Zuid-Amerikaanse landen voor, maar toch het meest in Argentini\u00eb.<br \/>\n<a class=\"auto-style11\" href=\"https:\/\/www.argentijnsemuziek.nl\/index.php\/gato-en-escondido\/\"><span class=\"auto-style7\">Lees meer &#8230;<\/span><\/a><\/p>\n<p><img loading=\"lazy\" decoding=\"async\" src=\"https:\/\/www.argentijnsemuziek.nl\/images\/knopVideokl.jpg\" width=\"10\" height=\"12\" \/>\u00a0<a href=\"https:\/\/www.youtube.com\/watch?v=8rrRWZE494Q\" target=\"_blank\" rel=\"noopener\">El gato hidr\u00e1ulico<\/a>\u00a0van Daniel Morcos door La Trama Daniel Morcos, Ernesto P\u00e9rez, Dalmiro Garc\u00eda)<\/p>\n<p><img loading=\"lazy\" decoding=\"async\" class=\" wp-image-4367 alignleft\" src=\"https:\/\/www.argentijnsemuziek.nl\/wp-content\/uploads\/dansZamba.jpg\" alt=\"\" width=\"161\" height=\"134\" \/>De\u00a0<span class=\"auto-style7\"><strong>zamba<\/strong><\/span>\u00a0komt van de Peruaanse zamacueca. Het is een puur Argentijnse, rustige dans, die nog veel dedanst wordt.\u00a0\u00a0Het danspaar maakt elkaar, zwaaiend met een zakdoek, het hof.<br \/>\n<a class=\"auto-style11\" href=\"https:\/\/www.argentijnsemuziek.nl\/index.php\/zamba-en-cueca\/\"><span class=\"auto-style7\">Lees meer &#8230;<\/span><\/a><\/p>\n<p><img loading=\"lazy\" decoding=\"async\" src=\"https:\/\/www.argentijnsemuziek.nl\/images\/knopVideokl.jpg\" width=\"10\" height=\"12\" \/>\u00a0<a href=\"https:\/\/www.youtube.com\/watch?v=dlOIa1Nq5L4\" target=\"_blank\" rel=\"noopener\">gedanste zamba<\/a><br \/>\n<img loading=\"lazy\" decoding=\"async\" src=\"https:\/\/www.argentijnsemuziek.nl\/images\/knopVideokl.jpg\" width=\"10\" height=\"12\" \/>\u00a0<a href=\"https:\/\/www.youtube.com\/watch?v=KgiR40j04mg\" target=\"_blank\" rel=\"noopener\">Zamba de mi Esperanza<\/a>\u00a0van Luis Morales door Los Chachaleros<\/p>\n<p><img loading=\"lazy\" decoding=\"async\" class=\" wp-image-4357 alignleft\" src=\"https:\/\/www.argentijnsemuziek.nl\/wp-content\/uploads\/dansCueca.jpg\" alt=\"\" width=\"124\" height=\"124\" srcset=\"https:\/\/www.argentijnsemuziek.nl\/wp-content\/uploads\/dansCueca.jpg 284w, https:\/\/www.argentijnsemuziek.nl\/wp-content\/uploads\/dansCueca-150x150.jpg 150w\" sizes=\"(max-width: 124px) 100vw, 124px\" \/>De\u00a0<span class=\"auto-style7\"><strong>cueca<\/strong><\/span>\u00a0is verwant aan de zamba. Het is de nationale dans van Chili, maar Argentini\u00eb heeft zijn eigen vormen.<br \/>\n<a class=\"auto-style11\" href=\"https:\/\/www.argentijnsemuziek.nl\/index.php\/zamba-en-cueca\/#cueca\"><span class=\"auto-style7\">Lees meer &#8230;<\/span><\/a><\/p>\n<p><img loading=\"lazy\" decoding=\"async\" src=\"https:\/\/www.argentijnsemuziek.nl\/images\/knopVideokl.jpg\" width=\"10\" height=\"12\" \/>\u00a0<a href=\"https:\/\/www.youtube.com\/watch?v=x851lh-TRio\" target=\"_blank\" rel=\"noopener\">gedanste cueca<\/a><br \/>\n<img decoding=\"async\" class=\"alignnone size-full wp-image-4427\" src=\"https:\/\/www.argentijnsemuziek.nl\/wp-content\/uploads\/knopVideokl.jpg\" alt=\"\" width=\"10\" height=\"12\" \/>\u00a0<a href=\"https:\/\/www.youtube.com\/watch?v=xQnIPhT8kBE\" target=\"_blank\" rel=\"noopener\">La Arenosa<\/a>, cueca van Cuchi Leguizam\u00f3n door Opus Cuatro<\/p>\n<p>&nbsp;<\/p>\n","protected":false},"excerpt":{"rendered":"<p>Enkele dansen zijn in heel Argentini\u00eb populair en worden hier bij elkaar besproken. De zamba en de cueca stammen beide van de Peruaanse zamacueca. Ook de feestritmes chacarera en gato zijn aan elkaar verwant. Deze zijn waarschijnlijk in Argentini\u00eb zelf ontstaan. De\u00a0chacarera\u00a0is zonder meer de populairste feestdans in Argentini\u00eb.\u00a0\u00a0Hoewel het ritme geen directe verwantschap heeft &#8230; <a title=\"Verspreid over Argentini\u00eb\" class=\"read-more\" href=\"https:\/\/www.argentijnsemuziek.nl\/index.php\/verspreid-over-argentinie\/\" aria-label=\"Lees meer over Verspreid over Argentini\u00eb\">Lees verder<\/a><\/p>\n","protected":false},"author":17,"featured_media":0,"parent":0,"menu_order":0,"comment_status":"closed","ping_status":"closed","template":"","meta":{"footnotes":""},"class_list":["post-4996","page","type-page","status-publish"],"_links":{"self":[{"href":"https:\/\/www.argentijnsemuziek.nl\/index.php\/wp-json\/wp\/v2\/pages\/4996","targetHints":{"allow":["GET"]}}],"collection":[{"href":"https:\/\/www.argentijnsemuziek.nl\/index.php\/wp-json\/wp\/v2\/pages"}],"about":[{"href":"https:\/\/www.argentijnsemuziek.nl\/index.php\/wp-json\/wp\/v2\/types\/page"}],"author":[{"embeddable":true,"href":"https:\/\/www.argentijnsemuziek.nl\/index.php\/wp-json\/wp\/v2\/users\/17"}],"replies":[{"embeddable":true,"href":"https:\/\/www.argentijnsemuziek.nl\/index.php\/wp-json\/wp\/v2\/comments?post=4996"}],"version-history":[{"count":5,"href":"https:\/\/www.argentijnsemuziek.nl\/index.php\/wp-json\/wp\/v2\/pages\/4996\/revisions"}],"predecessor-version":[{"id":6335,"href":"https:\/\/www.argentijnsemuziek.nl\/index.php\/wp-json\/wp\/v2\/pages\/4996\/revisions\/6335"}],"wp:attachment":[{"href":"https:\/\/www.argentijnsemuziek.nl\/index.php\/wp-json\/wp\/v2\/media?parent=4996"}],"curies":[{"name":"wp","href":"https:\/\/api.w.org\/{rel}","templated":true}]}}