{"id":5006,"date":"2023-08-03T23:55:19","date_gmt":"2023-08-03T21:55:19","guid":{"rendered":"https:\/\/www.argentijnsemuziek.nl\/?page_id=5006"},"modified":"2025-08-05T09:28:55","modified_gmt":"2025-08-05T07:28:55","slug":"snaarinstrumenten","status":"publish","type":"page","link":"https:\/\/www.argentijnsemuziek.nl\/index.php\/snaarinstrumenten\/","title":{"rendered":"Snaarinstrumenten"},"content":{"rendered":"<p><strong><img decoding=\"async\" class=\" wp-image-4395 alignleft\" src=\"https:\/\/www.argentijnsemuziek.nl\/wp-content\/uploads\/instrGitaar1.jpg\" alt=\"\" width=\"160\" height=\"159\" srcset=\"https:\/\/www.argentijnsemuziek.nl\/wp-content\/uploads\/instrGitaar1.jpg 300w, https:\/\/www.argentijnsemuziek.nl\/wp-content\/uploads\/instrGitaar1-150x150.jpg 150w\" sizes=\"(max-width: 160px) 100vw, 160px\" \/>Gitaar<\/strong><br \/>\nDe gitaar is verreweg het populairste instrument in Zuid-Amerika en zeker ook in Argentini\u00eb. Hij wordt gebruikt in onnoemelijk veel formaten, met verschillende aantallen snaren, die op verschillende manieren geplaatst worden, bijvoorbeeld een bepaalde afwisseling van rechte en omwikkelde snaren, etc. Alle vormen hebben een eigen naam. Specifiek is vooral de manier waarop de gitaar gebruikt wordt: met heel verschillende snaaraanslagen en zelfs als percussie-instrument. <a href=\"https:\/\/www.argentijnsemuziek.nl\/index.php\/2023\/09\/27\/gitaar\/\">Lees meer ..<\/a>.<br \/>\n<img decoding=\"async\" class=\"alignnone size-full wp-image-4427\" src=\"https:\/\/www.argentijnsemuziek.nl\/wp-content\/uploads\/knopVideokl.jpg\" alt=\"\" width=\"10\" height=\"12\" \/> <a href=\"https:\/\/www.youtube.com\/watch?v=klSkNyDC0t0\" target=\"_blank\" rel=\"noopener\">Puente Pexoa<\/a> van Tr\u00e1nsito Cocomarole door Los Trovadores del Norte met specifiek gitaargebruik in een <a href=\"https:\/\/www.argentijnsemuziek.nl\/index.php\/rivierengebied\/\">rasquido doble<\/a>.<br \/>\n<img decoding=\"async\" class=\"alignnone size-full wp-image-4426\" src=\"https:\/\/www.argentijnsemuziek.nl\/wp-content\/uploads\/knopAudiokl.jpg\" alt=\"\" width=\"8\" height=\"12\" \/> En el l\u00edmite van Oscar Puebla, cueca van de CD La Trama gitaar: Oscar Puebla.<\/p>\n<audio class=\"wp-audio-shortcode\" id=\"audio-5006-1\" preload=\"none\" style=\"width: 100%;\" controls=\"controls\"><source type=\"audio\/mpeg\" src=\"https:\/\/www.argentijnsemuziek.nl\/wp-content\/uploads\/TramaLimite.mp3?_=1\" \/><a href=\"https:\/\/www.argentijnsemuziek.nl\/wp-content\/uploads\/TramaLimite.mp3\">https:\/\/www.argentijnsemuziek.nl\/wp-content\/uploads\/TramaLimite.mp3<\/a><\/audio>\n<p>&nbsp;<\/p>\n<p><strong><img loading=\"lazy\" decoding=\"async\" class=\" wp-image-4387 alignleft\" src=\"https:\/\/www.argentijnsemuziek.nl\/wp-content\/uploads\/instrCharango2.jpg\" alt=\"\" width=\"93\" height=\"144\" \/>Charango<\/strong><br \/>\nOok de charango is een gitaar, maar heel specifiek voor de creoolse volksmuziek. Ge\u00efnspireerd door de gitaar van de Spanjaarden maakten oorspronkelijke bewoners van de Andes een instrument van hout en het schild van een gordeldier. De charango heeft een specifiek geluid met veel gebruik van het arpeggio: het snel achter elkaar aanslaan van alle snaren. Ariel Ram\u00edrez gebruikt de charango veel in zijn koorwerken en heeft ook specifiek voor de charango gecomponeerd. <a href=\"https:\/\/www.argentijnsemuziek.nl\/index.php\/charango\/\">Lees meer &#8230;<\/a><br \/>\n<img decoding=\"async\" class=\"alignnone size-full wp-image-4427\" src=\"https:\/\/www.argentijnsemuziek.nl\/wp-content\/uploads\/knopVideokl.jpg\" alt=\"\" width=\"10\" height=\"12\" \/> <a href=\"https:\/\/www.youtube.com\/watch?v=Xs_J_uK3fLA\" target=\"_blank\" rel=\"noopener\">Nacimiento del charango<\/a> (geboorte van de charango) van <a href=\"https:\/\/www.argentijnsemuziek.nl\/index.php\/ariel-ramirez\/\">Ariel Ram\u00edrez<\/a> door Ariel Ram\u00edrez (piano) en Jaime Torres (charango)<br \/>\n<img decoding=\"async\" class=\"alignnone size-full wp-image-4426\" src=\"https:\/\/www.argentijnsemuziek.nl\/wp-content\/uploads\/knopAudiokl.jpg\" alt=\"\" width=\"8\" height=\"12\" \/> Credo uit Misa Criolla van Ariel Ram\u00edrez door Rolando Goldman, charango, van <a href=\"https:\/\/www.argentijnsemuziek.nl\/index.php\/cd-misa-criolla-algo\/\">cd Misa Criolla\/algo+<\/a> van Javier Rodr\u00edguez<\/p>\n<audio class=\"wp-audio-shortcode\" id=\"audio-5006-2\" preload=\"none\" style=\"width: 100%;\" controls=\"controls\"><source type=\"audio\/mpeg\" src=\"https:\/\/www.argentijnsemuziek.nl\/wp-content\/uploads\/JRCredoStart.mp3?_=2\" \/><a href=\"https:\/\/www.argentijnsemuziek.nl\/wp-content\/uploads\/JRCredoStart.mp3\">https:\/\/www.argentijnsemuziek.nl\/wp-content\/uploads\/JRCredoStart.mp3<\/a><\/audio>\n<p>&nbsp;<\/p>\n<p><strong><img loading=\"lazy\" decoding=\"async\" class=\" wp-image-4373 alignleft\" src=\"https:\/\/www.argentijnsemuziek.nl\/wp-content\/uploads\/instrArpa2.jpg\" alt=\"\" width=\"88\" height=\"152\" \/><a id=\"arpa\"><\/a>Harp (Arpa)<\/strong><br \/>\nDe folkloreharp speelt een belangrijke rol in de muziek van het rivierengebied in noordoost Argentini\u00eb (vooral Misiones). De harp is gebaseerd op de 16e-eeuwse Europese diatonische harp en bereikte Argentini\u00eb vooral via Paraguay, waar het barokinstrument van de Jezu\u00efeten, na vertrek van de missionarissen, naar eigen hand werd gezet. Ze folkloreharpen hebben meestal 32 snaren (5 octaven), maar er is een tendens het aantal snaren uit te breiden naar 36 of zelfs 40. De harp is meestal meestal gestemd in G groot. Op dit moment wordt de harp in Argentini\u00eb weinig meer gebruikt, wel in Paraguay.<br \/>\n<img decoding=\"async\" class=\"alignnone size-full wp-image-4427\" src=\"https:\/\/www.argentijnsemuziek.nl\/wp-content\/uploads\/knopVideokl.jpg\" alt=\"\" width=\"10\" height=\"12\" \/> <a href=\"https:\/\/www.youtube.com\/watch?v=JtXRE0xYzxE\" target=\"_blank\" rel=\"noopener\">Misionera galopa<\/a> van Fernando Bustamante door Juan Pablo Rotela, arpa en Juan Arce en Juan Portillo, gitaar<\/p>\n<p><strong><img loading=\"lazy\" decoding=\"async\" class=\" wp-image-4418 alignleft\" src=\"https:\/\/www.argentijnsemuziek.nl\/wp-content\/uploads\/instrViolinToba.jpg\" alt=\"\" width=\"199\" height=\"164\" \/>Viool<\/strong><br \/>\nDe viool bereikte Zuid Amerika, net als de harp, door de barokmuziek van missionarissen en wordt, vaak in aangepaste vorm, gebruikt voor bijvoorbeeld de genres <a href=\"https:\/\/www.argentijnsemuziek.nl\/index.php\/chacarera\/\">chacarera<\/a> en <a href=\"https:\/\/www.argentijnsemuziek.nl\/index.php\/chamame\/\">chamam\u00e9<\/a>. In de <a href=\"https:\/\/www.argentijnsemuziek.nl\/index.php\/tango\/\">tango<\/a> wordt de klassieke viool gebruikt. Het gebruik is wel anders: met opvallende percussie-elementen, zoals de chicharra (de krekel- of schuurpapiertechniek), die vooral in de hedendaagse tangomuziek worden gebruikt. <a href=\"https:\/\/www.argentijnsemuziek.nl\/index.php\/viool\/\">Lees meer &#8230;<\/a><br \/>\n<img decoding=\"async\" class=\"alignnone size-full wp-image-4427\" src=\"https:\/\/www.argentijnsemuziek.nl\/wp-content\/uploads\/knopVideokl.jpg\" alt=\"\" width=\"10\" height=\"12\" \/> <a href=\"https:\/\/www.youtube.com\/watch?v=pSKJIGn5YkE\" target=\"_blank\" rel=\"noopener\">Nestor G\u00e1rnica<\/a> speelt oa de chacarera <em>Catamarca lindo pago<\/em> tijdens het Folklore Festival van Cosqu\u00edn 2016 met dansend publiek<br \/>\n<img decoding=\"async\" class=\"alignnone size-full wp-image-4427\" src=\"https:\/\/www.argentijnsemuziek.nl\/wp-content\/uploads\/knopVideokl.jpg\" alt=\"\" width=\"10\" height=\"12\" \/> <a href=\"https:\/\/www.youtube.com\/watch?v=r8Nsd954JJQ\" target=\"_blank\" rel=\"noopener\">Zum<\/a> van Osvaldo Pugliese met percussie-elementen in de viool, door Tango Dorado, violen Alexandre Kanji en Derk Lottman<\/p>\n","protected":false},"excerpt":{"rendered":"<p>Gitaar De gitaar is verreweg het populairste instrument in Zuid-Amerika en zeker ook in Argentini\u00eb. Hij wordt gebruikt in onnoemelijk veel formaten, met verschillende aantallen snaren, die op verschillende manieren geplaatst worden, bijvoorbeeld een bepaalde afwisseling van rechte en omwikkelde snaren, etc. Alle vormen hebben een eigen naam. Specifiek is vooral de manier waarop de &#8230; <a title=\"Snaarinstrumenten\" class=\"read-more\" href=\"https:\/\/www.argentijnsemuziek.nl\/index.php\/snaarinstrumenten\/\" aria-label=\"Lees meer over Snaarinstrumenten\">Lees verder<\/a><\/p>\n","protected":false},"author":17,"featured_media":0,"parent":0,"menu_order":0,"comment_status":"closed","ping_status":"closed","template":"","meta":{"footnotes":""},"class_list":["post-5006","page","type-page","status-publish"],"_links":{"self":[{"href":"https:\/\/www.argentijnsemuziek.nl\/index.php\/wp-json\/wp\/v2\/pages\/5006","targetHints":{"allow":["GET"]}}],"collection":[{"href":"https:\/\/www.argentijnsemuziek.nl\/index.php\/wp-json\/wp\/v2\/pages"}],"about":[{"href":"https:\/\/www.argentijnsemuziek.nl\/index.php\/wp-json\/wp\/v2\/types\/page"}],"author":[{"embeddable":true,"href":"https:\/\/www.argentijnsemuziek.nl\/index.php\/wp-json\/wp\/v2\/users\/17"}],"replies":[{"embeddable":true,"href":"https:\/\/www.argentijnsemuziek.nl\/index.php\/wp-json\/wp\/v2\/comments?post=5006"}],"version-history":[{"count":5,"href":"https:\/\/www.argentijnsemuziek.nl\/index.php\/wp-json\/wp\/v2\/pages\/5006\/revisions"}],"predecessor-version":[{"id":6455,"href":"https:\/\/www.argentijnsemuziek.nl\/index.php\/wp-json\/wp\/v2\/pages\/5006\/revisions\/6455"}],"wp:attachment":[{"href":"https:\/\/www.argentijnsemuziek.nl\/index.php\/wp-json\/wp\/v2\/media?parent=5006"}],"curies":[{"name":"wp","href":"https:\/\/api.w.org\/{rel}","templated":true}]}}