{"id":5008,"date":"2023-08-03T23:56:26","date_gmt":"2023-08-03T21:56:26","guid":{"rendered":"https:\/\/www.argentijnsemuziek.nl\/?page_id=5008"},"modified":"2023-11-14T14:46:01","modified_gmt":"2023-11-14T13:46:01","slug":"blaasinstrumenten","status":"publish","type":"page","link":"https:\/\/www.argentijnsemuziek.nl\/index.php\/blaasinstrumenten\/","title":{"rendered":"Blaasinstrumenten"},"content":{"rendered":"<p><strong>Blaasinstrumenten in Argentini\u00eb<\/strong><\/p>\n<figure id=\"attachment_4485\" aria-describedby=\"caption-attachment-4485\" style=\"width: 136px\" class=\"wp-caption alignright\"><img decoding=\"async\" class=\" wp-image-4485\" src=\"https:\/\/www.argentijnsemuziek.nl\/wp-content\/uploads\/MusRaulOlarte.jpg\" alt=\"\" width=\"146\" height=\"177\" \/><figcaption id=\"caption-attachment-4485\" class=\"wp-caption-text\">Raul Olarte<\/figcaption><\/figure>\n<p>De blaasinstrumenten die in de Argentijnse folkloremuziek gebruikt worden zijn vaak van precolumbiaanse oorsprong. Daarnaast worden instrumenten gebruikt die we ook in Europa kennen zoals dwarsfluit en klarinet. Deze worden hier niet besproken.<\/p>\n<p><a href=\"https:\/\/www.argentijnsemuziek.nl\/index.php\/ariel-ramirez\/\">Ariel Ram\u00edrez<\/a> gebruikt de quena en de siku in de <a href=\"https:\/\/www.argentijnsemuziek.nl\/index.php\/misa-criolla\/\">Misa Criolla<\/a> in het Gloria, al worden ze in de eerste partituur van de mis niet genoemd. In de <a href=\"https:\/\/www.argentijnsemuziek.nl\/index.php\/misa-por-la-paz-y-la-justicia\/\">Misa por la Paz y la Justicia<\/a> worden beide instrumenten als eerste instrumenten genoemd in Psalm 150 en de quena klinkt daar ook als eerste Andes-instrument. Op de cd van de Misa Criolla met <a href=\"https:\/\/www.argentijnsemuziek.nl\/index.php\/javier-rodriguez\/\">Javier Rodr\u00edguez<\/a> begint het Kyrie met de erke. Raul Olarte (foto) was jarenlang de vaste fluitist in de groep van Ariel Ram\u00edrez.<br \/>\nGloria uit de Misa Criolla van Ariel Ram\u00edrez, yarav\u00ed en carnavalito gezongen door Javier Rodr\u00edguez, quena en siku: Diego Clemente<\/p>\n<p><strong><img decoding=\"async\" class=\" wp-image-4407 alignleft\" src=\"https:\/\/www.argentijnsemuziek.nl\/wp-content\/uploads\/instrquena.jpg\" alt=\"\" width=\"92\" height=\"137\" \/>Quena<\/strong><br \/>\nDe quena is een rechte fluit, van bijvoorbeeld uitgeholde bamboe, zonder mondstuk. Het is het meest gebruikte blaasinstrument en stamt uit de tijd v\u00f3\u00f3r de Inca&#8217;s. De klank is heser dan die van onze blokfluit, maar helderder dan die van de siku. De quena begeleidde de hit die Simon en Garfunkel in de zestiger jaren van de vorige eeuw hadden met \u2018El condor pasa\u2019. <a href=\"https:\/\/www.argentijnsemuziek.nl\/index.php\/quena\/\">Lees meer &#8230;<\/a><\/p>\n<p><img decoding=\"async\" class=\"alignnone size-full wp-image-4426\" src=\"https:\/\/www.argentijnsemuziek.nl\/wp-content\/uploads\/knopAudiokl.jpg\" alt=\"\" width=\"8\" height=\"12\" \/> Juana Azurduy uit <a href=\"https:\/\/www.argentijnsemuziek.nl\/index.php\/mujeres-argentinas\/\">Mujeres Argentinas<\/a> van Ariel Ram\u00edrez, gezongen door <a href=\"https:\/\/www.argentijnsemuziek.nl\/index.php\/javier-rodriguez\/\">Javier Rodr\u00edguez<\/a>, quena \u00c1lvaro Pinto (live Breda 2003)<\/p>\n<audio class=\"wp-audio-shortcode\" id=\"audio-5008-1\" preload=\"none\" style=\"width: 100%;\" controls=\"controls\"><source type=\"audio\/mpeg\" src=\"https:\/\/www.argentijnsemuziek.nl\/wp-content\/uploads\/Juana-AzurduyBJavierRodriguez.mp3?_=1\" \/><a href=\"https:\/\/www.argentijnsemuziek.nl\/wp-content\/uploads\/Juana-AzurduyBJavierRodriguez.mp3\">https:\/\/www.argentijnsemuziek.nl\/wp-content\/uploads\/Juana-AzurduyBJavierRodriguez.mp3<\/a><\/audio>\n<p>&nbsp;<\/p>\n<p><img decoding=\"async\" class=\"alignnone size-full wp-image-4426\" src=\"https:\/\/www.argentijnsemuziek.nl\/wp-content\/uploads\/knopAudiokl.jpg\" alt=\"\" width=\"8\" height=\"12\" \/> Salmo 150 uit <a href=\"https:\/\/www.argentijnsemuziek.nl\/index.php\/misa-por-la-paz-y-la-justicia\/\">Misa por la Paz y la Justicia<\/a>, CD Misa por la Paz y la Justicia, quena en siku Diego Cortez (2010), zang Javier Rodr\u00edguez<\/p>\n<audio class=\"wp-audio-shortcode\" id=\"audio-5008-2\" preload=\"none\" style=\"width: 100%;\" controls=\"controls\"><source type=\"audio\/mpeg\" src=\"https:\/\/www.argentijnsemuziek.nl\/wp-content\/uploads\/JRMisaPazSalmo150.mp3?_=2\" \/><a href=\"https:\/\/www.argentijnsemuziek.nl\/wp-content\/uploads\/JRMisaPazSalmo150.mp3\">https:\/\/www.argentijnsemuziek.nl\/wp-content\/uploads\/JRMisaPazSalmo150.mp3<\/a><\/audio>\n<p>&nbsp;<\/p>\n<p><strong><img loading=\"lazy\" decoding=\"async\" class=\"wp-image-4413 alignleft\" src=\"https:\/\/www.argentijnsemuziek.nl\/wp-content\/uploads\/instrSiku2.jpg\" alt=\"\" width=\"45\" height=\"90\" \/>Siku<\/strong><br \/>\nDe siku is de Indiaanse panfluit: holle bamboestengels, van groot naar klein naast elkaar met bandjes bij elkaar gehouden. Om het instrument te bespelen heb je twee fluiten nodig om het hele scala aan benodigde klanken te kunnen gebruiken. <a href=\"https:\/\/www.argentijnsemuziek.nl\/index.php\/siku\/\">Lees meer &#8230;<\/a><\/p>\n<p><img loading=\"lazy\" decoding=\"async\" class=\"alignnone size-full wp-image-4427\" src=\"https:\/\/www.argentijnsemuziek.nl\/wp-content\/uploads\/knopVideokl.jpg\" alt=\"\" width=\"10\" height=\"12\" \/> <a href=\"https:\/\/www.youtube.com\/watch?v=nYhasE96OGA\" target=\"_blank\" rel=\"noopener\">Los Reyes Magos<\/a> uit <a href=\"https:\/\/www.argentijnsemuziek.nl\/index.php\/navidad-nuestra\/\">Navidad Nuestra<\/a>, siku gespeeld door Roberto Callisaya van <a href=\"https:\/\/www.yatiyana.nl\/\" target=\"_blank\" rel=\"noopener\">Yatiya\u00f1a<\/a>, zang <a href=\"https:\/\/www.argentijnsemuziek.nl\/index.php\/javier-rodriguez\/\">Javier Rodr\u00edguez<\/a> en Coro Encanto<\/p>\n<p><strong><img loading=\"lazy\" decoding=\"async\" class=\" wp-image-4406 alignleft\" src=\"https:\/\/www.argentijnsemuziek.nl\/wp-content\/uploads\/instrPifilka.jpg\" alt=\"\" width=\"83\" height=\"97\" \/><a id=\"pifilca\"><\/a>Pifilca<\/strong><br \/>\nDe pifilca (pif\u00fcllka) is een \u00e9\u00e9ntonige fluit, die gebruikt wordt in Patagoni\u00eb bij de Mapuches. Het bestaat uit een rond stuk hout, dat wordt uitgehold, waarbij de onderkant gesloten blijft. In plaats van hout wordt soms bot of steen gebruikt.<br \/>\n<img loading=\"lazy\" decoding=\"async\" class=\"alignnone size-full wp-image-4427\" src=\"https:\/\/www.argentijnsemuziek.nl\/wp-content\/uploads\/knopVideokl.jpg\" alt=\"\" width=\"10\" height=\"12\" \/>\u00a0<a href=\"https:\/\/www.youtube.com\/watch?v=UysPGCt7xkM\" target=\"_blank\" rel=\"noopener\">Sentir vivir<\/a>, moderne Mapuchemuziek met in begin een kull kull (koehoorn) en rond 1:30 een pifilca<\/p>\n<p><strong><img loading=\"lazy\" decoding=\"async\" class=\" wp-image-4393 alignleft\" src=\"https:\/\/www.argentijnsemuziek.nl\/wp-content\/uploads\/instrErke.jpg\" alt=\"\" width=\"116\" height=\"116\" srcset=\"https:\/\/www.argentijnsemuziek.nl\/wp-content\/uploads\/instrErke.jpg 209w, https:\/\/www.argentijnsemuziek.nl\/wp-content\/uploads\/instrErke-150x150.jpg 150w\" sizes=\"(max-width: 116px) 100vw, 116px\" \/>Erke en andere hoorns<\/strong><br \/>\nDe erke (erque, ook wel &#8216;hoorn&#8217; of quepa) is een grote hoorn, die op een stuk riet wordt gezet van verschillende lengte, enigszins vergelijkbaar met een Europese alpenhoorn. Hij wordt gebruikt in het noorden van Argentini\u00eb en Bolivia, vaak nog voor religieuze doeleinden. Varianten zie je bij de Mapuchestammen in Patagoni\u00eb. <a href=\"https:\/\/www.argentijnsemuziek.nl\/index.php\/erke-en-andere-hoorns\/\">Lees meer ..<\/a><br \/>\n<img decoding=\"async\" class=\"alignnone size-full wp-image-4426\" src=\"https:\/\/www.argentijnsemuziek.nl\/wp-content\/uploads\/knopAudiokl.jpg\" alt=\"\" width=\"8\" height=\"12\" \/> erke aan begin Kyrie uit de <a href=\"https:\/\/www.argentijnsemuziek.nl\/index.php\/misa-criolla\/\">Misa Criolla<\/a> (CD Misa Criolla\/algo+) van Javier Rodr\u00edguez<\/p>\n<audio class=\"wp-audio-shortcode\" id=\"audio-5008-3\" preload=\"none\" style=\"width: 100%;\" controls=\"controls\"><source type=\"audio\/mpeg\" src=\"https:\/\/www.argentijnsemuziek.nl\/wp-content\/uploads\/01-MC-KyrieErke.mp3?_=3\" \/><a href=\"https:\/\/www.argentijnsemuziek.nl\/wp-content\/uploads\/01-MC-KyrieErke.mp3\">https:\/\/www.argentijnsemuziek.nl\/wp-content\/uploads\/01-MC-KyrieErke.mp3<\/a><\/audio>\n","protected":false},"excerpt":{"rendered":"<p>Blaasinstrumenten in Argentini\u00eb De blaasinstrumenten die in de Argentijnse folkloremuziek gebruikt worden zijn vaak van precolumbiaanse oorsprong. Daarnaast worden instrumenten gebruikt die we ook in Europa kennen zoals dwarsfluit en klarinet. Deze worden hier niet besproken. Ariel Ram\u00edrez gebruikt de quena en de siku in de Misa Criolla in het Gloria, al worden ze in &#8230; <a title=\"Blaasinstrumenten\" class=\"read-more\" href=\"https:\/\/www.argentijnsemuziek.nl\/index.php\/blaasinstrumenten\/\" aria-label=\"Lees meer over Blaasinstrumenten\">Lees verder<\/a><\/p>\n","protected":false},"author":17,"featured_media":0,"parent":0,"menu_order":0,"comment_status":"closed","ping_status":"closed","template":"","meta":{"footnotes":""},"class_list":["post-5008","page","type-page","status-publish"],"_links":{"self":[{"href":"https:\/\/www.argentijnsemuziek.nl\/index.php\/wp-json\/wp\/v2\/pages\/5008","targetHints":{"allow":["GET"]}}],"collection":[{"href":"https:\/\/www.argentijnsemuziek.nl\/index.php\/wp-json\/wp\/v2\/pages"}],"about":[{"href":"https:\/\/www.argentijnsemuziek.nl\/index.php\/wp-json\/wp\/v2\/types\/page"}],"author":[{"embeddable":true,"href":"https:\/\/www.argentijnsemuziek.nl\/index.php\/wp-json\/wp\/v2\/users\/17"}],"replies":[{"embeddable":true,"href":"https:\/\/www.argentijnsemuziek.nl\/index.php\/wp-json\/wp\/v2\/comments?post=5008"}],"version-history":[{"count":5,"href":"https:\/\/www.argentijnsemuziek.nl\/index.php\/wp-json\/wp\/v2\/pages\/5008\/revisions"}],"predecessor-version":[{"id":5894,"href":"https:\/\/www.argentijnsemuziek.nl\/index.php\/wp-json\/wp\/v2\/pages\/5008\/revisions\/5894"}],"wp:attachment":[{"href":"https:\/\/www.argentijnsemuziek.nl\/index.php\/wp-json\/wp\/v2\/media?parent=5008"}],"curies":[{"name":"wp","href":"https:\/\/api.w.org\/{rel}","templated":true}]}}