{"id":5104,"date":"2023-08-05T15:20:13","date_gmt":"2023-08-05T13:20:13","guid":{"rendered":"https:\/\/www.argentijnsemuziek.nl\/?page_id=5104"},"modified":"2023-10-22T21:05:11","modified_gmt":"2023-10-22T19:05:11","slug":"gato-en-escondido","status":"publish","type":"page","link":"https:\/\/www.argentijnsemuziek.nl\/index.php\/gato-en-escondido\/","title":{"rendered":"Gato en Escondido"},"content":{"rendered":"<p><span class=\"auto-style12\"><strong>Gato<\/strong><\/span><br \/>\n<img decoding=\"async\" class=\"alignleft wp-image-4358\" src=\"https:\/\/www.argentijnsemuziek.nl\/wp-content\/uploads\/dansGato-300x231.jpg\" alt=\"\" width=\"150\" height=\"116\" srcset=\"https:\/\/www.argentijnsemuziek.nl\/wp-content\/uploads\/dansGato-300x231.jpg 300w, https:\/\/www.argentijnsemuziek.nl\/wp-content\/uploads\/dansGato.jpg 381w\" sizes=\"(max-width: 150px) 100vw, 150px\" \/>De gato is een snelle en beweeglijke Creoolse dans en werd overal in Argentini\u00eb gedanst, waarschijnlijk al v\u00f3\u00f3r 1820. Het ritme komt ook in andere Zuid-Amerikaanse landen voor, maar toch het meest in Argentini\u00eb. Meestal wordt er in paren gedanst, maar in een rij, waarbij de paren tussendoor even van partner wisselen, komt ook voor (gato encadenado).<\/p>\n<p>De noordelijke vorm (gato norte\u00f1o), is verwant aan die uit de provincie Corrientes. In de dans wordt bij de zapateo, het deel van de tapdans van de man, gezongen. <img decoding=\"async\" src=\"https:\/\/www.argentijnsemuziek.nl\/images\/knopVideokl.jpg\" width=\"10\" height=\"12\" \/>\u00a0<a href=\"https:\/\/www.youtube.com\/watch?v=H5EzDZsUEuk\" target=\"_blank\" rel=\"noopener\">gedanste gato norte\u00f1o<\/a>. Bij de gato cuyano, uit de westelijke regio, is het deel van de zapateo instrumentaal. De gato cuyano heeft een draai meer in de dans dan de noordelijke gato.\u00a0<img decoding=\"async\" src=\"https:\/\/www.argentijnsemuziek.nl\/images\/knopVideokl.jpg\" width=\"10\" height=\"12\" \/>\u00a0<a href=\"https:\/\/www.youtube.com\/watch?v=mbKfoTvnsqM\" target=\"_blank\" rel=\"noopener\">gedanste gato cuyano<\/a>\u00a0met uitleg.<br \/>\nSoms wordt de gato ook wel\u00a0<em>cielito<\/em>\u00a0genoemd of\u00a0<em>bailecito<\/em>. Deze namen geven verwarring omdat andere dansen ook echt die namen hebben.<\/p>\n<p><img decoding=\"async\" src=\"https:\/\/www.argentijnsemuziek.nl\/images\/knopAudiokl.jpg\" width=\"8\" height=\"12\" \/>\u00a0<a href=\"https:\/\/www.argentijnsemuziek.nl\/audio\/TramaGatoenBolsa.mp3\" target=\"_blank\" rel=\"noopener\">Como gato en bolsa<\/a>\u00a0van\u00a0<a href=\"https:\/\/www.argentijnsemuziek.nl\/DanielMorcos.html\">Daniel Morcos<\/a>, gato cuyano gespeeld door Daniel Morcos en Oscar Puebla, CD La Trama<\/p>\n<audio class=\"wp-audio-shortcode\" id=\"audio-5104-1\" preload=\"none\" style=\"width: 100%;\" controls=\"controls\"><source type=\"audio\/mpeg\" src=\"https:\/\/www.argentijnsemuziek.nl\/wp-content\/uploads\/TramaGatoenBolsa.mp3?_=1\" \/><a href=\"https:\/\/www.argentijnsemuziek.nl\/wp-content\/uploads\/TramaGatoenBolsa.mp3\">https:\/\/www.argentijnsemuziek.nl\/wp-content\/uploads\/TramaGatoenBolsa.mp3<\/a><\/audio>\n<p><img decoding=\"async\" src=\"https:\/\/www.argentijnsemuziek.nl\/images\/knopVideokl.jpg\" width=\"10\" height=\"12\" \/>\u00a0El gato de la fiesta\u00a0van Waldo Belloso, gato norte\u00f1o gezongen door\u00a0<a href=\"https:\/\/www.argentijnsemuziek.nl\/JavierRodriguez.html\">Javier Rodr\u00edguez<\/a>. Den Bosch 2003.<a href=\"https:\/\/www.argentijnsemuziek.nl\/wp-content\/uploads\/gatofiesta.wmv\">gatofiesta<\/a><\/p>\n<p><strong>E<\/strong><span class=\"auto-style12\"><strong>scondido<\/strong><\/span><br \/>\nDe escondido lijkt erg op de gato en wordt soms gato escondido genoemd. De vrouw keert zich in de dans soms quasi-onge\u00efnteresseerd af van de man (escondir betekent verbergen). Deze dans is zelfs enige tijd doorgedrongen tot de Argentijnse salons en wordt nu nog in het midden en westen van het land gedanst.<\/p>\n<p><img loading=\"lazy\" decoding=\"async\" class=\"alignnone size-full wp-image-4427\" src=\"https:\/\/www.argentijnsemuziek.nl\/wp-content\/uploads\/knopVideokl.jpg\" alt=\"\" width=\"10\" height=\"12\" \/>\u00a0<a href=\"https:\/\/www.youtube.com\/watch?v=BlNF8GJImfY\" target=\"_blank\" rel=\"noopener\">El sanjustino<\/a>\u00a0van Ariel Ram\u00edrez, escondido gespeeld door Facundo Ram\u00edrez, piano. CD Ram\u00edrez speelt Ram\u00edrez 1993<\/p>\n<p><img loading=\"lazy\" decoding=\"async\" class=\"alignnone size-full wp-image-4427\" src=\"https:\/\/www.argentijnsemuziek.nl\/wp-content\/uploads\/knopVideokl.jpg\" alt=\"\" width=\"10\" height=\"12\" \/>\u00a0<a href=\"https:\/\/www.youtube.com\/watch?v=nAcjltKAd0k\" target=\"_blank\" rel=\"noopener\">Kinderen dansen<\/a> in traditionele kledij eerst een gato en dan een escondido.<\/p>\n<p><a href=\"https:\/\/www.argentijnsemuziek.nl\/index.php\/verspreid-over-argentinie\/\">Terug naar ritmes verspreid over Argentini\u00eb<\/a><\/p>\n","protected":false},"excerpt":{"rendered":"<p>Gato De gato is een snelle en beweeglijke Creoolse dans en werd overal in Argentini\u00eb gedanst, waarschijnlijk al v\u00f3\u00f3r 1820. Het ritme komt ook in andere Zuid-Amerikaanse landen voor, maar toch het meest in Argentini\u00eb. Meestal wordt er in paren gedanst, maar in een rij, waarbij de paren tussendoor even van partner wisselen, komt ook &#8230; <a title=\"Gato en Escondido\" class=\"read-more\" href=\"https:\/\/www.argentijnsemuziek.nl\/index.php\/gato-en-escondido\/\" aria-label=\"Lees meer over Gato en Escondido\">Lees verder<\/a><\/p>\n","protected":false},"author":17,"featured_media":0,"parent":0,"menu_order":0,"comment_status":"closed","ping_status":"closed","template":"","meta":{"footnotes":""},"class_list":["post-5104","page","type-page","status-publish"],"_links":{"self":[{"href":"https:\/\/www.argentijnsemuziek.nl\/index.php\/wp-json\/wp\/v2\/pages\/5104","targetHints":{"allow":["GET"]}}],"collection":[{"href":"https:\/\/www.argentijnsemuziek.nl\/index.php\/wp-json\/wp\/v2\/pages"}],"about":[{"href":"https:\/\/www.argentijnsemuziek.nl\/index.php\/wp-json\/wp\/v2\/types\/page"}],"author":[{"embeddable":true,"href":"https:\/\/www.argentijnsemuziek.nl\/index.php\/wp-json\/wp\/v2\/users\/17"}],"replies":[{"embeddable":true,"href":"https:\/\/www.argentijnsemuziek.nl\/index.php\/wp-json\/wp\/v2\/comments?post=5104"}],"version-history":[{"count":5,"href":"https:\/\/www.argentijnsemuziek.nl\/index.php\/wp-json\/wp\/v2\/pages\/5104\/revisions"}],"predecessor-version":[{"id":5697,"href":"https:\/\/www.argentijnsemuziek.nl\/index.php\/wp-json\/wp\/v2\/pages\/5104\/revisions\/5697"}],"wp:attachment":[{"href":"https:\/\/www.argentijnsemuziek.nl\/index.php\/wp-json\/wp\/v2\/media?parent=5104"}],"curies":[{"name":"wp","href":"https:\/\/api.w.org\/{rel}","templated":true}]}}