{"id":5215,"date":"2023-08-09T00:56:25","date_gmt":"2023-08-08T22:56:25","guid":{"rendered":"https:\/\/www.argentijnsemuziek.nl\/?page_id=5215"},"modified":"2023-11-14T15:12:01","modified_gmt":"2023-11-14T14:12:01","slug":"viool","status":"publish","type":"page","link":"https:\/\/www.argentijnsemuziek.nl\/index.php\/viool\/","title":{"rendered":"Viool"},"content":{"rendered":"<p><strong>Viool in de folkloremuziek<\/strong><br \/>\nDe viool bereikte Zuid Amerika, net als de harp, door de barokmuziek van missionarissen in de 16e eeuw. Vooral in Bolivia wordt door de oorspronkelijke bewoners nog steeds barokmuziek gespeeld, maar de viool is vooral door oorspronkelijke \u00e9n creoolse bevolking gebruikt om eigen muziek te ontwikkelen.<\/p>\n<p>In de <a href=\"https:\/\/www.argentijnsemuziek.nl\/index.php\/dansen-en-ritmes\/\">volksmuziek<\/a> wordt de viool vooral gebruikt in de populaire genres <a href=\"https:\/\/www.argentijnsemuziek.nl\/index.php\/chacarera\/\">chacarera<\/a> en <a href=\"https:\/\/www.argentijnsemuziek.nl\/index.php\/gato-en-escondido\/\">gato<\/a> en, in mindere mate, voor de <a href=\"https:\/\/www.argentijnsemuziek.nl\/index.php\/chamame\/\">chamam\u00e9<\/a> uit het rivierengebied. <img decoding=\"async\" class=\"alignright wp-image-5586\" src=\"https:\/\/www.argentijnsemuziek.nl\/wp-content\/uploads\/Inte\u0301rprete-de-nwike\u0301-300x200.jpg\" alt=\"\" width=\"210\" height=\"140\" srcset=\"https:\/\/www.argentijnsemuziek.nl\/wp-content\/uploads\/Inte\u0301rprete-de-nwike\u0301-300x200.jpg 300w, https:\/\/www.argentijnsemuziek.nl\/wp-content\/uploads\/Inte\u0301rprete-de-nwike\u0301-768x512.jpg 768w, https:\/\/www.argentijnsemuziek.nl\/wp-content\/uploads\/Inte\u0301rprete-de-nwike\u0301.jpg 900w\" sizes=\"(max-width: 210px) 100vw, 210px\" \/>Daarvoor is de viool aangepast aan de regio: andere houtsoorten en technieken. De Tobastammen maken zelfs violen (nwik\u00e9s) van een rechthoekig olieblik, waarop een stuk hout wordt bevestigd met \u00e9\u00e9n snaar van darmen of tegenwoordig van remkabels van fietsen. Meer in het westen ontstond de sacha violin (sacha is Quechua voor bijna of quasi ), een combinatie met een gitaar, waarbij de kleine strijkstok langs de snaar de opening in gaat. <img decoding=\"async\" class=\"alignnone size-full wp-image-4427\" src=\"https:\/\/www.argentijnsemuziek.nl\/wp-content\/uploads\/knopVideokl.jpg\" alt=\"\" width=\"10\" height=\"12\" \/>\u00a0<a href=\"https:\/\/www.youtube.com\/watch?v=rpj-CgJY4rM\" target=\"_blank\" rel=\"noopener\">sacha violin<\/a>\u00a0in Santiago de Estero (demonstratie chacarera met dans na 3:40).<br \/>\nOok elektrische violen worden gebruikt in de folkloremuziek.<\/p>\n<p><img decoding=\"async\" class=\"alignnone wp-image-4427\" src=\"https:\/\/www.argentijnsemuziek.nl\/wp-content\/uploads\/knopVideokl.jpg\" alt=\"\" width=\"10\" height=\"12\" \/> <a href=\"https:\/\/www.youtube.com\/watch?v=pSKJIGn5YkE\" target=\"_blank\" rel=\"noopener\">Nest<\/a><a style=\"font-size: inherit;\" href=\"https:\/\/www.youtube.com\/watch?v=pSKJIGn5YkE\" target=\"_blank\" rel=\"noopener\">or G\u00e1rnica<\/a><span style=\"font-size: inherit;\"> speelt oa de chacarera <\/span><em style=\"font-size: inherit;\">Catamarca lindo pago<\/em><span style=\"font-size: inherit;\"> tijdens het Folklore Festival van Cosqu\u00edn 2016 met dansend publiek<br \/>\n<\/span><img decoding=\"async\" class=\"alignnone wp-image-4427\" src=\"https:\/\/www.argentijnsemuziek.nl\/wp-content\/uploads\/knopVideokl.jpg\" alt=\"\" width=\"10\" height=\"12\" \/>\u00a0<a href=\"https:\/\/www.youtube.com\/watch?v=rtATuM5n2mE\" target=\"_blank\" rel=\"noopener\">chacarera del paisano<\/a> van en door Sexto Palavecino<br \/>\n<img loading=\"lazy\" decoding=\"async\" class=\"alignnone size-full wp-image-4426\" src=\"https:\/\/www.argentijnsemuziek.nl\/wp-content\/uploads\/knopAudiokl.jpg\" alt=\"\" width=\"8\" height=\"12\" \/> La estrella azul, huayno van Peteco Carabajal van cd No dejes de cantar van Opus Cuatro, viool door Peteco Carabajal<\/p>\n<audio class=\"wp-audio-shortcode\" id=\"audio-5215-1\" preload=\"none\" style=\"width: 100%;\" controls=\"controls\"><source type=\"audio\/mpeg\" src=\"https:\/\/www.argentijnsemuziek.nl\/wp-content\/uploads\/OpusEstrellaViool.mp3?_=1\" \/><a href=\"https:\/\/www.argentijnsemuziek.nl\/wp-content\/uploads\/OpusEstrellaViool.mp3\">https:\/\/www.argentijnsemuziek.nl\/wp-content\/uploads\/OpusEstrellaViool.mp3<\/a><\/audio>\n<p>&nbsp;<\/p>\n<p><img decoding=\"async\" class=\"alignnone size-full wp-image-4427\" src=\"https:\/\/www.argentijnsemuziek.nl\/wp-content\/uploads\/knopVideokl.jpg\" alt=\"\" width=\"10\" height=\"12\" \/> <a href=\"https:\/\/www.youtube.com\/watch?v=f7W0peo1Fpk\" target=\"_blank\" rel=\"noopener\">chamam\u00e9<\/a> met accordeon, gitaar en viool Julio Romero, Diego Leguizamon en Sebas Risso Patron<br \/>\n<img decoding=\"async\" class=\"alignnone size-full wp-image-4427\" src=\"https:\/\/www.argentijnsemuziek.nl\/wp-content\/uploads\/knopVideokl.jpg\" alt=\"\" width=\"10\" height=\"12\" \/> <a href=\"https:\/\/www.facebook.com\/watch\/?v=1075284356426456&amp;extid=NS-UNK-UNK-UNK-AN_GK0T-GK1C-GK2C&amp;ref=sharing\" target=\"_blank\" rel=\"noopener\">Un Himno Santiague\u00f1o<\/a> Le\u00f3n Gieco met de Sachaguitarristas atamishque\u00f1as. Hier wordt de sacha-viool een sacha-gitaar genoemd.<\/p>\n<p><strong>Viool in de tango<\/strong><br \/>\n<img loading=\"lazy\" decoding=\"async\" class=\"size-full wp-image-4420 alignright\" src=\"https:\/\/www.argentijnsemuziek.nl\/wp-content\/uploads\/instrVioolChicharra.jpg\" alt=\"\" width=\"180\" height=\"109\" \/>In de tangokwartetten en -orquestas t\u00edpicas werd de viool rechtstreeks uit Europa ingevoerd rond 1900. Daarvoor wordt dezelfde viool gebruikt als in de klassieke muziek. Het gebruik is wel anders: met opvallende percussie-elementen, van simpel slaan op de viool tot technieken als de chicharra, die vooral in de tango nuevo van de tweede helft van de 20e veel worden gebruikt.<span style=\"font-size: inherit;\">. De chicharra, de krekel- of schuurpapiertechniek (foto), wordt gemaakt met de strijkstok aan de verkeerde kant van de kam.<\/span><\/p>\n<p><a href=\"https:\/\/www.argentijnsemuziek.nl\/index.php\/regio-la-plata\/\">lees meer over tango &#8230;<\/a><\/p>\n<p><img decoding=\"async\" class=\"alignnone size-full wp-image-4427\" src=\"https:\/\/www.argentijnsemuziek.nl\/wp-content\/uploads\/knopVideokl.jpg\" alt=\"\" width=\"10\" height=\"12\" \/> <a href=\"https:\/\/www.youtube.com\/watch?v=ma6DxaNS6Tc\" target=\"_blank\" rel=\"noopener\">Reliquias porte\u00f1as<\/a> van de fameuze violist en orkestleider Francisco Canaro<br \/>\n<img decoding=\"async\" class=\"alignnone size-full wp-image-4427\" src=\"https:\/\/www.argentijnsemuziek.nl\/wp-content\/uploads\/knopVideokl.jpg\" alt=\"\" width=\"10\" height=\"12\" \/> <a href=\"https:\/\/www.youtube.com\/watch?v=UKFlRd8J2ik\" target=\"_blank\" rel=\"noopener\">chicharra<\/a>, percussie-effect in de tango uitgelegd door Jeremy Cohen. (Engels) Google voor demonstraties van andere technieken op Tango Techniques for Strings.<\/p>\n<p><a href=\"https:\/\/www.argentijnsemuziek.nl\/index.php\/snaarinstrumenten\/\">Terug naar snaarinstrumenten<\/a><\/p>\n","protected":false},"excerpt":{"rendered":"<p>Viool in de folkloremuziek De viool bereikte Zuid Amerika, net als de harp, door de barokmuziek van missionarissen in de 16e eeuw. Vooral in Bolivia wordt door de oorspronkelijke bewoners nog steeds barokmuziek gespeeld, maar de viool is vooral door oorspronkelijke \u00e9n creoolse bevolking gebruikt om eigen muziek te ontwikkelen. In de volksmuziek wordt de &#8230; <a title=\"Viool\" class=\"read-more\" href=\"https:\/\/www.argentijnsemuziek.nl\/index.php\/viool\/\" aria-label=\"Lees meer over Viool\">Lees verder<\/a><\/p>\n","protected":false},"author":17,"featured_media":0,"parent":0,"menu_order":0,"comment_status":"closed","ping_status":"closed","template":"","meta":{"footnotes":""},"class_list":["post-5215","page","type-page","status-publish"],"_links":{"self":[{"href":"https:\/\/www.argentijnsemuziek.nl\/index.php\/wp-json\/wp\/v2\/pages\/5215","targetHints":{"allow":["GET"]}}],"collection":[{"href":"https:\/\/www.argentijnsemuziek.nl\/index.php\/wp-json\/wp\/v2\/pages"}],"about":[{"href":"https:\/\/www.argentijnsemuziek.nl\/index.php\/wp-json\/wp\/v2\/types\/page"}],"author":[{"embeddable":true,"href":"https:\/\/www.argentijnsemuziek.nl\/index.php\/wp-json\/wp\/v2\/users\/17"}],"replies":[{"embeddable":true,"href":"https:\/\/www.argentijnsemuziek.nl\/index.php\/wp-json\/wp\/v2\/comments?post=5215"}],"version-history":[{"count":5,"href":"https:\/\/www.argentijnsemuziek.nl\/index.php\/wp-json\/wp\/v2\/pages\/5215\/revisions"}],"predecessor-version":[{"id":5905,"href":"https:\/\/www.argentijnsemuziek.nl\/index.php\/wp-json\/wp\/v2\/pages\/5215\/revisions\/5905"}],"wp:attachment":[{"href":"https:\/\/www.argentijnsemuziek.nl\/index.php\/wp-json\/wp\/v2\/media?parent=5215"}],"curies":[{"name":"wp","href":"https:\/\/api.w.org\/{rel}","templated":true}]}}