{"id":5244,"date":"2023-08-11T10:32:46","date_gmt":"2023-08-11T08:32:46","guid":{"rendered":"https:\/\/www.argentijnsemuziek.nl\/?page_id=5244"},"modified":"2025-08-05T09:29:11","modified_gmt":"2025-08-05T07:29:11","slug":"charango","status":"publish","type":"page","link":"https:\/\/www.argentijnsemuziek.nl\/index.php\/charango\/","title":{"rendered":"Charango"},"content":{"rendered":"<p><img decoding=\"async\" class=\"size-full wp-image-4388 alignright\" src=\"https:\/\/www.argentijnsemuziek.nl\/wp-content\/uploads\/InstrCharangoPichi.jpg\" alt=\"\" width=\"150\" height=\"137\" \/>De <strong>charango<\/strong> heeft overeenkomsten met de gitaar en de mandoline. Hij ontstond waarschijnlijk in de 16e eeuw in het noordelijk hooggebergte uit de Spaanse vihuela, een voorganger van de gitaar of de daaruit voortgekomen Spaanse gitaar. De charango wordt in drie verschillende grootten gemaakt: soms zo groot als een gitaar, soms zo klein dat hij bijna verdwijnt in de handen van de charanguista. Hij heeft 5 paren snaren (EAECG). De indianen maakten een klankkast van wat voor handen was: het schild van een gordeldier. Inmiddels is het schild, onder invloed van veranderende opvattingen over diervriendelijkheid en milieubehoud, vervangen door hout.<\/p>\n<figure id=\"attachment_4466\" aria-describedby=\"caption-attachment-4466\" style=\"width: 140px\" class=\"wp-caption alignleft\"><img decoding=\"async\" class=\"wp-image-4466 size-full\" src=\"https:\/\/www.argentijnsemuziek.nl\/wp-content\/uploads\/MusJaimeTorres.jpg\" alt=\"\" width=\"150\" height=\"152\" \/><figcaption id=\"caption-attachment-4466\" class=\"wp-caption-text\">Jaime Torres<\/figcaption><\/figure>\n<p>De charango vind je in de noordwestelijke provincies Salta en Jujuy en ook in andere Andeslanden. Hij is heel geschikt om zuivere pentatonische melodie\u00ebn te begeleiden en wordt gebruikt voor ritmes als <a href=\"https:\/\/www.argentijnsemuziek.nl\/index.php\/carnavalito-en-bailecito-norteno\/\">carnavalito<\/a>, bailecito, <a href=\"https:\/\/www.argentijnsemuziek.nl\/index.php\/peruaanse-en-boliviaanse-muziek-in-argentinie\/\">huayno<\/a>, <a href=\"https:\/\/www.argentijnsemuziek.nl\/index.php\/zamba-en-cueca\/\">cueca<\/a> en yarav\u00ed.<br \/>\nJe hoort vaak een arpeggio: een snelle, &#8217;trillende&#8217; opeenvolging van tonen, vooral aan het begin van een melodie. De bekendste Argentijnse charanguista was Jaime Torres.<\/p>\n<p><a href=\"https:\/\/www.argentijnsemuziek.nl\/index.php\/ariel-ramirez\/\">Ariel Ram\u00edrez<\/a> gebruikte de charango veel in zijn werk. In de <a href=\"https:\/\/www.argentijnsemuziek.nl\/index.php\/misa-criolla\/\">Misa Criolla<\/a> hoor je het instrument aan het begin van het Gloria en het Credo. In de <a href=\"https:\/\/www.argentijnsemuziek.nl\/index.php\/misa-por-la-paz-y-la-justicia\/\">Misa por la Paz y la Justicia<\/a> wordt hij o.a. gehoord en bezongen in psalm 150.<\/p>\n<p><img decoding=\"async\" src=\"https:\/\/www.argentijnsemuziek.nl\/images\/knopVideokl.jpg\" width=\"10\" height=\"12\" \/>\u00a0<a href=\"https:\/\/www.youtube.com\/watch?v=pk5Y9XcIpqc\" target=\"_blank\" rel=\"noopener\">Credo<\/a>, chacarera trunca uit de\u00a0<em>Misa Criolla<\/em>\u00a0van Ariel Ram\u00edrez, uitgevoerd door Javier Rodr\u00edguez met Canticorum Iubilo, Praag 2012, charango \u00c1lvaro Pinto<br \/>\n<img loading=\"lazy\" decoding=\"async\" src=\"https:\/\/www.argentijnsemuziek.nl\/images\/knopAudiokl.jpg\" width=\"8\" height=\"12\" \/>\u00a0Salmo 150\u00a0van <a href=\"https:\/\/www.argentijnsemuziek.nl\/index.php\/cd-misa-por-la-paz-y-la-justicia\/\">cd Misa por la Paz y la Justicia<\/a>, fragment. charango Sebasti\u00e1n Ram\u00edrez, zang Javier Rodr\u00edguez en Cantor\u00eda de la Merced<\/p>\n<audio class=\"wp-audio-shortcode\" id=\"audio-5244-1\" preload=\"none\" style=\"width: 100%;\" controls=\"controls\"><source type=\"audio\/mpeg\" src=\"https:\/\/www.argentijnsemuziek.nl\/wp-content\/uploads\/JRMisaPazSalmo150Charango.mp3?_=1\" \/><a href=\"https:\/\/www.argentijnsemuziek.nl\/wp-content\/uploads\/JRMisaPazSalmo150Charango.mp3\">https:\/\/www.argentijnsemuziek.nl\/wp-content\/uploads\/JRMisaPazSalmo150Charango.mp3<\/a><\/audio>\n<p>&nbsp;<\/p>\n<p><img decoding=\"async\" src=\"https:\/\/www.argentijnsemuziek.nl\/images\/knopVideokl.jpg\" width=\"10\" height=\"12\" \/>\u00a0<a href=\"https:\/\/www.youtube.com\/watch?v=ZPzUBLRmT0s\" target=\"_blank\" rel=\"noopener\">El humahuaque\u00f1o<\/a>, een carnavalito van E. Zaldivar, charango Jaime Torres<br \/>\n<img loading=\"lazy\" decoding=\"async\" src=\"https:\/\/www.argentijnsemuziek.nl\/images\/knopAudiokl.jpg\" width=\"8\" height=\"12\" \/>\u00a0Una l\u00e1grima he vertido\u00a0door <a href=\"https:\/\/www.argentijnsemuziek.nl\/index.php\/opus-cuatro\/\">Opus Cuatro<\/a> van de CD\u00a0<em>No dejes de cantar<\/em>, charango en quena (fluit): Jaime Torres (foto) y su gente<\/p>\n<audio class=\"wp-audio-shortcode\" id=\"audio-5244-2\" preload=\"none\" style=\"width: 100%;\" controls=\"controls\"><source type=\"audio\/mpeg\" src=\"https:\/\/www.argentijnsemuziek.nl\/wp-content\/uploads\/OpusLagrima-1.mp3?_=2\" \/><a href=\"https:\/\/www.argentijnsemuziek.nl\/wp-content\/uploads\/OpusLagrima-1.mp3\">https:\/\/www.argentijnsemuziek.nl\/wp-content\/uploads\/OpusLagrima-1.mp3<\/a><\/audio>\n<p>&nbsp;<\/p>\n<p><strong>Meer informatie over de charango<\/strong><br \/>\n<img loading=\"lazy\" decoding=\"async\" class=\"alignright wp-image-4386\" src=\"https:\/\/www.argentijnsemuziek.nl\/wp-content\/uploads\/instrCharango1.jpg\" alt=\"\" width=\"200\" height=\"50\" \/>In het Spaans: op de site van charanguista <a href=\"https:\/\/rolandogoldman.com.ar\/metodo-de-charango\/\" target=\"_blank\" rel=\"noopener\">Rolando Goldman<\/a><\/p>\n<p><a href=\"https:\/\/www.argentijnsemuziek.nl\/index.php\/snaarinstrumenten\/\"><em>Snaarinstrumenten<\/em><\/a><\/p>\n","protected":false},"excerpt":{"rendered":"<p>De charango heeft overeenkomsten met de gitaar en de mandoline. Hij ontstond waarschijnlijk in de 16e eeuw in het noordelijk hooggebergte uit de Spaanse vihuela, een voorganger van de gitaar of de daaruit voortgekomen Spaanse gitaar. De charango wordt in drie verschillende grootten gemaakt: soms zo groot als een gitaar, soms zo klein dat hij &#8230; <a title=\"Charango\" class=\"read-more\" href=\"https:\/\/www.argentijnsemuziek.nl\/index.php\/charango\/\" aria-label=\"Lees meer over Charango\">Lees verder<\/a><\/p>\n","protected":false},"author":17,"featured_media":0,"parent":0,"menu_order":0,"comment_status":"closed","ping_status":"closed","template":"","meta":{"footnotes":""},"class_list":["post-5244","page","type-page","status-publish"],"_links":{"self":[{"href":"https:\/\/www.argentijnsemuziek.nl\/index.php\/wp-json\/wp\/v2\/pages\/5244","targetHints":{"allow":["GET"]}}],"collection":[{"href":"https:\/\/www.argentijnsemuziek.nl\/index.php\/wp-json\/wp\/v2\/pages"}],"about":[{"href":"https:\/\/www.argentijnsemuziek.nl\/index.php\/wp-json\/wp\/v2\/types\/page"}],"author":[{"embeddable":true,"href":"https:\/\/www.argentijnsemuziek.nl\/index.php\/wp-json\/wp\/v2\/users\/17"}],"replies":[{"embeddable":true,"href":"https:\/\/www.argentijnsemuziek.nl\/index.php\/wp-json\/wp\/v2\/comments?post=5244"}],"version-history":[{"count":5,"href":"https:\/\/www.argentijnsemuziek.nl\/index.php\/wp-json\/wp\/v2\/pages\/5244\/revisions"}],"predecessor-version":[{"id":5883,"href":"https:\/\/www.argentijnsemuziek.nl\/index.php\/wp-json\/wp\/v2\/pages\/5244\/revisions\/5883"}],"wp:attachment":[{"href":"https:\/\/www.argentijnsemuziek.nl\/index.php\/wp-json\/wp\/v2\/media?parent=5244"}],"curies":[{"name":"wp","href":"https:\/\/api.w.org\/{rel}","templated":true}]}}