{"id":5273,"date":"2023-08-13T12:32:01","date_gmt":"2023-08-13T10:32:01","guid":{"rendered":"https:\/\/www.argentijnsemuziek.nl\/?page_id=5273"},"modified":"2023-08-13T14:56:33","modified_gmt":"2023-08-13T12:56:33","slug":"cd-tango-che-chango","status":"publish","type":"page","link":"https:\/\/www.argentijnsemuziek.nl\/index.php\/cd-tango-che-chango\/","title":{"rendered":"cd Tango, che chango"},"content":{"rendered":"<p><img fetchpriority=\"high\" decoding=\"async\" class=\"alignnone size-medium wp-image-4345 aligncenter\" src=\"https:\/\/www.argentijnsemuziek.nl\/wp-content\/uploads\/CDTangochechango-300x300.jpg\" alt=\"\" width=\"300\" height=\"300\" srcset=\"https:\/\/www.argentijnsemuziek.nl\/wp-content\/uploads\/CDTangochechango-300x300.jpg 300w, https:\/\/www.argentijnsemuziek.nl\/wp-content\/uploads\/CDTangochechango-150x150.jpg 150w, https:\/\/www.argentijnsemuziek.nl\/wp-content\/uploads\/CDTangochechango.jpg 472w\" sizes=\"(max-width: 300px) 100vw, 300px\" \/><\/p>\n<p>Javier Rodr\u00edguez zingt op deze cd niet alleen Argentijns folklorerepertoire, maar ook tango&#8217;s.<br \/>\nDe zeven tango\u2019s beslaan de hele geschiedenis van de gezongen tango, met nummers van 1903 tot 1999, in heel verschillende arrangementen. \u201cEl Choclo\u201d heeft alleen percussiebegeleiding, het aangrijpende \u201cNada\u201d wordt meer klassiek uitgevoerd. Rodr\u00edguez zingt \u201cNostalgias\u201d volledig zonder begeleiding.<br \/>\nDe tango\u2019s worden afgewisseld met het van Rodr\u00edguez bekende repertoire van Argentijnse volksmuziek. Daarbij drie oudere opnamen met Ram\u00edrez, de componist van de Misa Criolla, aan de vleugel en Domingo Cura, de \u201ckeizer van de bombo\u201d, voor de percussie. Twee van de drie nummers zijn composities van Ram\u00edrez die nooit eerder op cd verschenen. E\u00e9n van de nieuwe opnames is een eigen compositie van Javier Rodr\u00edguez, \u201cUna tonada de un amor en Marzo\u201d, in een ritme uit de Argentijnse wijnprovincie Mendoza, waar de zanger vandaan komt.<\/p>\n<p><span class=\"auto-style10\"><strong>Bestellen per mail<br \/>\n<\/strong><\/span><span class=\"auto-style10\">Stuur een\u00a0<a href=\"mailto:info@argentijnsemuziek.nl?subject=Bestelling%20cd\">mail<\/a> met je bestelling + adresgegevens en maak \u20ac 18,- over op bankrekening NL57ASNB0707401445 t.n.v. R. Mutschler, Leiden ovv &#8216;cd Tango&#8217;. Na ontvangst van betaling wordt de cd toegestuurd. Bij combinatie met Rodr\u00edguez cd <em>&#8216;Misa Criolla\/algo+&#8217;<\/em>\u00a0of\u00a0\u00a0<em>&#8216;Misa por la Paz&#8217;<\/em> geldt een prijs van \u20ac 30,00 voor twee cd&#8217;s. Pas op! Beperkt verkrijgbaar. Informeer eerst per mail of de cd nog in voorraad is.<\/span><\/p>\n<p><strong>Tracks <\/strong>(meest links naar live-optredens, niet van cd)<br \/>\nMilonga del Trovador, Piazzolla\/Salgan, milonga<br \/>\nSerenata, Dami\u00e1n S\u00e1nchez, chaya<br \/>\n<a href=\"https:\/\/www.argentijnsemuziek.nl\/audio\/JRTonadaMarzo.mp3\" target=\"_blank\" rel=\"noopener\">Tonada de amor en Marzo<\/a>, eigen compositie, tonada<br \/>\n<a href=\"https:\/\/www.argentijnsemuziek.nl\/audio\/JRNada.mp3\" target=\"_blank\" rel=\"noopener\">Nada<\/a>, Dames\/Sanguinetti, tango canci\u00f3n<br \/>\nEl choclo, A Villoldo, tango<br \/>\n<a href=\"https:\/\/www.argentijnsemuziek.nl\/audio\/JRTomero.mp3\" target=\"_blank\" rel=\"noopener\">Sue\u00f1os de un tomero<\/a>, Daniel Morcos, zamba<br \/>\nDe mis pagos, J Argentino Jerez, chacarera<br \/>\n<a href=\"https:\/\/www.argentijnsemuziek.nl\/audio\/JRNostalgias.mp3\" target=\"_blank\" rel=\"noopener\">Nostalgias<\/a>, Cad\u00edcamo\/Cobi\u00e1n, tango canci\u00f3n<br \/>\nSara Figueroa, Ariel Ram\u00edrez, zamba<br \/>\nFuimos, Dames\/Manzi, tango canci\u00f3n<br \/>\n<a href=\"https:\/\/www.argentijnsemuziek.nl\/audio\/JRMilongaSentimental.mp3\" target=\"_blank\" rel=\"noopener\">Milonga Sentimental<\/a>, Manzi\/Piana, milonga urbana<br \/>\nProvinciano en Buenos Aires, Ariel Ram\u00edrez, zamba<br \/>\nPostales del Alma, Lito Vitale, tango canci\u00f3n<\/p>\n<p><strong>Musici<\/strong><br \/>\nJavier Rodr\u00edguez, zang<br \/>\nDomingo Cura, bombo<br \/>\nAriel Ram\u00edrez, piano<br \/>\nWalter Anselmi, bandoneon<br \/>\nDaniel Morcos, piano en percussie<br \/>\nOscar Puebla, gitaar<br \/>\nOctavio &#8216;Pepe&#8217; S\u00e1nchez, percussie<\/p>\n<p>Terug naar <a href=\"https:\/\/www.argentijnsemuziek.nl\/index.php\/cds-kopen\/\">cd&#8217;s kopen<\/a><\/p>\n","protected":false},"excerpt":{"rendered":"<p>Javier Rodr\u00edguez zingt op deze cd niet alleen Argentijns folklorerepertoire, maar ook tango&#8217;s. De zeven tango\u2019s beslaan de hele geschiedenis van de gezongen tango, met nummers van 1903 tot 1999, in heel verschillende arrangementen. \u201cEl Choclo\u201d heeft alleen percussiebegeleiding, het aangrijpende \u201cNada\u201d wordt meer klassiek uitgevoerd. Rodr\u00edguez zingt \u201cNostalgias\u201d volledig zonder begeleiding. De tango\u2019s worden &#8230; <a title=\"cd Tango, che chango\" class=\"read-more\" href=\"https:\/\/www.argentijnsemuziek.nl\/index.php\/cd-tango-che-chango\/\" aria-label=\"Lees meer over cd Tango, che chango\">Lees verder<\/a><\/p>\n","protected":false},"author":17,"featured_media":0,"parent":0,"menu_order":0,"comment_status":"closed","ping_status":"closed","template":"","meta":{"footnotes":""},"class_list":["post-5273","page","type-page","status-publish"],"_links":{"self":[{"href":"https:\/\/www.argentijnsemuziek.nl\/index.php\/wp-json\/wp\/v2\/pages\/5273","targetHints":{"allow":["GET"]}}],"collection":[{"href":"https:\/\/www.argentijnsemuziek.nl\/index.php\/wp-json\/wp\/v2\/pages"}],"about":[{"href":"https:\/\/www.argentijnsemuziek.nl\/index.php\/wp-json\/wp\/v2\/types\/page"}],"author":[{"embeddable":true,"href":"https:\/\/www.argentijnsemuziek.nl\/index.php\/wp-json\/wp\/v2\/users\/17"}],"replies":[{"embeddable":true,"href":"https:\/\/www.argentijnsemuziek.nl\/index.php\/wp-json\/wp\/v2\/comments?post=5273"}],"version-history":[{"count":5,"href":"https:\/\/www.argentijnsemuziek.nl\/index.php\/wp-json\/wp\/v2\/pages\/5273\/revisions"}],"predecessor-version":[{"id":5279,"href":"https:\/\/www.argentijnsemuziek.nl\/index.php\/wp-json\/wp\/v2\/pages\/5273\/revisions\/5279"}],"wp:attachment":[{"href":"https:\/\/www.argentijnsemuziek.nl\/index.php\/wp-json\/wp\/v2\/media?parent=5273"}],"curies":[{"name":"wp","href":"https:\/\/api.w.org\/{rel}","templated":true}]}}