{"id":5441,"date":"2023-10-08T12:35:43","date_gmt":"2023-10-08T10:35:43","guid":{"rendered":"https:\/\/www.argentijnsemuziek.nl\/?page_id=5441"},"modified":"2023-11-13T16:43:40","modified_gmt":"2023-11-13T15:43:40","slug":"siku","status":"publish","type":"page","link":"https:\/\/www.argentijnsemuziek.nl\/index.php\/siku\/","title":{"rendered":"Siku"},"content":{"rendered":"<p><strong><img fetchpriority=\"high\" decoding=\"async\" class=\" wp-image-4411 alignleft\" src=\"https:\/\/www.argentijnsemuziek.nl\/wp-content\/uploads\/instrSiku.jpg\" alt=\"\" width=\"295\" height=\"221\" \/>Siku, zampo\u00f1a of antara<\/strong><br \/>\nDe siku of sikuri is de Indiaanse panfluit: holle bamboestengels, van groot naar klein naast elkaar met bandjes bij elkaar gehouden. De fluit heet siku of <strong>sikuri<\/strong> in de taal van de Aimar\u00e1-indianen en betekent &#8216;buis die geluid geeft&#8217;. De Zuid-Amerikaanse panfluiten stammen uit de pr\u00e9-incaperiode van de Huari (5e eeuw).<br \/>\nOm het instrument te bespelen heb je twee fluiten nodig om het hele scala aan benodigde klanken te kunnen gebruiken en het vergt veel vaardigheid om een stuk te spelen, terwijl de bespeler, de sikuri, snel wisselt van instrument. De twee fluiten zijn meestal aan elkaar gebonden.<br \/>\nDe verschillende formaten van de fluit hebben verschillende namen: de kleinste <strong>chulis<\/strong>, de middenmaat <strong>maltas<\/strong> en de grotere <strong>sankas<\/strong>.<br \/>\nBij de Quechua-indianen heet de panfluit antara of <strong>andarita<\/strong> en heeft hij vaak maar \u00e9\u00e9n rij buisjes.<br \/>\nIn het Spaans heet de panfluit in het algemeen zampo\u00f1a. Deze algemene naam wordt bijvoorbeeld in Chili ook voor de siku gebruikt.<\/p>\n<p><img decoding=\"async\" class=\"size-full wp-image-4414 alignright\" src=\"https:\/\/www.argentijnsemuziek.nl\/wp-content\/uploads\/instrSikuHumahuaca.jpg\" alt=\"\" width=\"200\" height=\"175\" \/><img decoding=\"async\" class=\"alignnone size-full wp-image-4427\" src=\"https:\/\/www.argentijnsemuziek.nl\/wp-content\/uploads\/knopVideokl.jpg\" alt=\"\" width=\"10\" height=\"12\" \/>\u00a0<a href=\"https:\/\/www.youtube.com\/watch?v=nYhasE96OGA\" target=\"_blank\" rel=\"noopener\">Los Reyes Magos<\/a> uit <a href=\"https:\/\/www.argentijnsemuziek.nl\/index.php\/navidad-nuestra\/\">Navidad Nuestra<\/a>, siku gespeeld door Roberto Callisaya van <a href=\"https:\/\/www.yatiyana.nl\/\" target=\"_blank\" rel=\"noopener\">Yatiya\u00f1a<\/a>, zang <a href=\"https:\/\/www.argentijnsemuziek.nl\/index.php\/javier-rodriguez\/\">Javier Rodr\u00edguez<\/a> en Coro Encanto<br \/>\n<img decoding=\"async\" class=\"alignnone size-full wp-image-4427\" src=\"https:\/\/www.argentijnsemuziek.nl\/wp-content\/uploads\/knopVideokl.jpg\" alt=\"\" width=\"10\" height=\"12\" \/>\u00a0<a href=\"https:\/\/www.youtube.com\/watch?v=jqZs2Fw2dZE\" target=\"_blank\" rel=\"noopener\">El condor pasa<\/a> 1e deel (<a href=\"https:\/\/www.argentijnsemuziek.nl\/index.php\/peruaanse-en-boliviaanse-muziek-in-argentinie\/\">yarav\u00ed<\/a>), soundcheck van Zampo\u00f1a Sikupan<br \/>\n<img loading=\"lazy\" decoding=\"async\" class=\"alignnone size-full wp-image-4426\" src=\"https:\/\/www.argentijnsemuziek.nl\/wp-content\/uploads\/knopAudiokl.jpg\" alt=\"\" width=\"8\" height=\"12\" \/> <a href=\"https:\/\/projectamusica.nl\/onewebmedia\/Project%201997\/aleluia_fragment.mp3\" target=\"_blank\" rel=\"noopener\">Aleluia<\/a> uit <a href=\"https:\/\/www.argentijnsemuziek.nl\/index.php\/misa-por-la-paz-y-la-justicia\/\" target=\"_blank\" rel=\"noopener\">Misa por la Paz y la Justicia<\/a> van Ariel Ram\u00edrez, Europese premi\u00e8re Leiden 1997, amateuropname. Aan begin siku door Bernabe Mamani, piano Ariel Ram\u00edrez, zang Javier Rodr\u00edguez en Groot Koor Schola Cantorum Leiden olv Wim de Ru<\/p>\n<p><a href=\"https:\/\/www.argentijnsemuziek.nl\/index.php\/blaasinstrumenten\/\"><em>Blaasinstrumenten<\/em><\/a><\/p>\n","protected":false},"excerpt":{"rendered":"<p>Siku, zampo\u00f1a of antara De siku of sikuri is de Indiaanse panfluit: holle bamboestengels, van groot naar klein naast elkaar met bandjes bij elkaar gehouden. De fluit heet siku of sikuri in de taal van de Aimar\u00e1-indianen en betekent &#8216;buis die geluid geeft&#8217;. De Zuid-Amerikaanse panfluiten stammen uit de pr\u00e9-incaperiode van de Huari (5e eeuw). &#8230; <a title=\"Siku\" class=\"read-more\" href=\"https:\/\/www.argentijnsemuziek.nl\/index.php\/siku\/\" aria-label=\"Lees meer over Siku\">Lees verder<\/a><\/p>\n","protected":false},"author":17,"featured_media":0,"parent":0,"menu_order":0,"comment_status":"closed","ping_status":"closed","template":"","meta":{"footnotes":""},"class_list":["post-5441","page","type-page","status-publish"],"_links":{"self":[{"href":"https:\/\/www.argentijnsemuziek.nl\/index.php\/wp-json\/wp\/v2\/pages\/5441","targetHints":{"allow":["GET"]}}],"collection":[{"href":"https:\/\/www.argentijnsemuziek.nl\/index.php\/wp-json\/wp\/v2\/pages"}],"about":[{"href":"https:\/\/www.argentijnsemuziek.nl\/index.php\/wp-json\/wp\/v2\/types\/page"}],"author":[{"embeddable":true,"href":"https:\/\/www.argentijnsemuziek.nl\/index.php\/wp-json\/wp\/v2\/users\/17"}],"replies":[{"embeddable":true,"href":"https:\/\/www.argentijnsemuziek.nl\/index.php\/wp-json\/wp\/v2\/comments?post=5441"}],"version-history":[{"count":5,"href":"https:\/\/www.argentijnsemuziek.nl\/index.php\/wp-json\/wp\/v2\/pages\/5441\/revisions"}],"predecessor-version":[{"id":5885,"href":"https:\/\/www.argentijnsemuziek.nl\/index.php\/wp-json\/wp\/v2\/pages\/5441\/revisions\/5885"}],"wp:attachment":[{"href":"https:\/\/www.argentijnsemuziek.nl\/index.php\/wp-json\/wp\/v2\/media?parent=5441"}],"curies":[{"name":"wp","href":"https:\/\/api.w.org\/{rel}","templated":true}]}}