{"id":5720,"date":"2023-10-23T11:37:17","date_gmt":"2023-10-23T09:37:17","guid":{"rendered":"https:\/\/www.argentijnsemuziek.nl\/?page_id=5720"},"modified":"2025-03-05T16:02:17","modified_gmt":"2025-03-05T15:02:17","slug":"bandoneon-2","status":"publish","type":"page","link":"https:\/\/www.argentijnsemuziek.nl\/index.php\/bandoneon-2\/","title":{"rendered":"Bandone\u00f3n"},"content":{"rendered":"<p><span class=\"auto-style16\"><strong>Bandone\u00f3n<\/strong><\/span><br \/>\n<img decoding=\"async\" class=\"size-full wp-image-4375 alignright\" src=\"https:\/\/www.argentijnsemuziek.nl\/wp-content\/uploads\/instrBandoneon.jpg\" alt=\"\" width=\"200\" height=\"142\" \/>De <span class=\"auto-style17\">bandone\u00f3n<\/span>\u00a0is het meest karakteristieke instrument van de <a href=\"https:\/\/www.argentijnsemuziek.nl\/index.php\/regio-la-plata\/\">tango<\/a> geworden. De bandone\u00f3n ontstond rond 1850 in Duitsland en werd daar vooral door mijnwerkers veel gebruikt als goedkoop alternatief van de piano. Het instrument heeft in de praktijk zijn vorm gekregen. De toonknoppen zitten niet in een logische volgorde: iedere speler liet er naar eigen inzicht een extra toontje bijmaken. E\u00e9n knop correspondeert met \u00e9\u00e9n toon, maar duwen of trekken geeft wel verschillende tonen. De Krefelder muziekhandelaar Heinrich Band zette de versie met de zgn. &#8216;rheinischer Tonlage&#8217;, dus de Rijnlandse toetsenpositie, op de markt en noemde het instrument naar zichzelf: bandonion. De bandone\u00f3n heeft een veel langere balg dan andere harmonica&#8217;s. De bespeler buigt de balg op de knie.<br \/>\nRond 1900 kwam de bandonion met Duitse (of Italiaanse) immigranten naar Buenos Aires en Montevideo en werd daar omgedoopt tot bandone\u00f3n.\u00a0 Het instrument bleek heel geschikt voor de populaire muziek onder de immigranten: de tango.<br \/>\nIn het orquesta t\u00edpica, dat in de jaren dertig ontstond, speelden wel vier of vijf bandoneons. De legendarische bandoneonist An\u00edbal Troilo perfectioneerde in die tijd de muzikale kwaliteit van de tango.<br \/>\n<img decoding=\"async\" class=\"wp-image-4374 alignright\" src=\"https:\/\/www.argentijnsemuziek.nl\/wp-content\/uploads\/instrBandKraayenhof.jpg\" alt=\"\" width=\"150\" height=\"165\" \/>We vinden de bandone\u00f3n ook vaak terug in de\u00a0<a href=\"https:\/\/www.argentijnsemuziek.nl\/index.php\/chamame\/\">chamam\u00e9<\/a>, een ritme uit noordoost Argentini\u00eb.<\/p>\n<p>In Nederland kreeg de bandone\u00f3n plotseling algemene bekendheid door het gebruik van het instrument in de huwelijksplechtigheid van Willem-Alexander en M\u00e1xima, waar Carel Kraayenhof Adios Nonino speelde.<\/p>\n<p><img decoding=\"async\" src=\"https:\/\/www.argentijnsemuziek.nl\/images\/knopVideokl.jpg\" width=\"10\" height=\"12\" \/>\u00a0<a href=\"https:\/\/www.youtube.com\/watch?v=rdIKABUQ_Lk\" target=\"_blank\" rel=\"noopener\">Carel Kraayenhof en zijn bandone\u00f3n<\/a>, met Juan Pablo Dobal (piano) in Kapitein Zeppos in Amsterdam, startend met een <a href=\"https:\/\/www.argentijnsemuziek.nl\/index.php\/milonga\/\">milonga campera<\/a><br \/>\n<img loading=\"lazy\" decoding=\"async\" src=\"https:\/\/www.argentijnsemuziek.nl\/images\/knopAudiokl.jpg\" width=\"8\" height=\"12\" \/>\u00a0Adios Nonino\u00a0van Astor Piazzolla, gezongen door Opus Cuatro, bandone\u00f3n Daniel Binelli, fragment<\/p>\n<audio class=\"wp-audio-shortcode\" id=\"audio-5720-1\" preload=\"none\" style=\"width: 100%;\" controls=\"controls\"><source type=\"audio\/mpeg\" src=\"https:\/\/www.argentijnsemuziek.nl\/wp-content\/uploads\/OpusAdiosNonino.mp3?_=1\" \/><a href=\"https:\/\/www.argentijnsemuziek.nl\/wp-content\/uploads\/OpusAdiosNonino.mp3\">https:\/\/www.argentijnsemuziek.nl\/wp-content\/uploads\/OpusAdiosNonino.mp3<\/a><\/audio>\n<p><img loading=\"lazy\" decoding=\"async\" src=\"https:\/\/www.argentijnsemuziek.nl\/images\/knopAudiokl.jpg\" width=\"8\" height=\"12\" \/>\u00a0Luz de una chacarera\u00a0geen tango maar een <a href=\"https:\/\/www.argentijnsemuziek.nl\/index.php\/chacarera\/\">chacarera<\/a>, bandone\u00f3n Quique Ponce, <a href=\"https:\/\/www.argentijnsemuziek.nl\/index.php\/cd-misa-criolla-algo\/\">cd Misa Criolla\/algo+<\/a> van Javier Rodr\u00edguez, fragment<\/p>\n<audio class=\"wp-audio-shortcode\" id=\"audio-5720-2\" preload=\"none\" style=\"width: 100%;\" controls=\"controls\"><source type=\"audio\/mpeg\" src=\"https:\/\/www.argentijnsemuziek.nl\/wp-content\/uploads\/12-Luz-de-una-chacareraBandoneon-1.mp3?_=2\" \/><a href=\"https:\/\/www.argentijnsemuziek.nl\/wp-content\/uploads\/12-Luz-de-una-chacareraBandoneon-1.mp3\">https:\/\/www.argentijnsemuziek.nl\/wp-content\/uploads\/12-Luz-de-una-chacareraBandoneon-1.mp3<\/a><\/audio>\n<p><img loading=\"lazy\" decoding=\"async\" class=\"alignright wp-image-4491\" src=\"https:\/\/www.argentijnsemuziek.nl\/wp-content\/uploads\/MusTroiloPiazzolla-300x200.jpg\" alt=\"\" width=\"200\" height=\"133\" srcset=\"https:\/\/www.argentijnsemuziek.nl\/wp-content\/uploads\/MusTroiloPiazzolla-300x200.jpg 300w, https:\/\/www.argentijnsemuziek.nl\/wp-content\/uploads\/MusTroiloPiazzolla.jpg 398w\" sizes=\"(max-width: 200px) 100vw, 200px\" \/><img loading=\"lazy\" decoding=\"async\" class=\"alignnone size-full wp-image-4427\" src=\"https:\/\/www.argentijnsemuziek.nl\/wp-content\/uploads\/knopVideokl.jpg\" alt=\"\" width=\"10\" height=\"12\" \/>\u00a0<a href=\"https:\/\/www.youtube.com\/watch?v=pPHflQeHCyg\" target=\"_blank\" rel=\"noopener\">Volver<\/a>, tango van Gardel en Le Pera, uitgevoerd met bandone\u00f3n door An\u00edbal Troilo en <a href=\"https:\/\/www.argentijnsemuziek.nl\/index.php\/astor-piazzolla\/\">Astor Piazzolla<\/a><\/p>\n","protected":false},"excerpt":{"rendered":"<p>Bandone\u00f3n De bandone\u00f3n\u00a0is het meest karakteristieke instrument van de tango geworden. De bandone\u00f3n ontstond rond 1850 in Duitsland en werd daar vooral door mijnwerkers veel gebruikt als goedkoop alternatief van de piano. Het instrument heeft in de praktijk zijn vorm gekregen. De toonknoppen zitten niet in een logische volgorde: iedere speler liet er naar eigen &#8230; <a title=\"Bandone\u00f3n\" class=\"read-more\" href=\"https:\/\/www.argentijnsemuziek.nl\/index.php\/bandoneon-2\/\" aria-label=\"Lees meer over Bandone\u00f3n\">Lees verder<\/a><\/p>\n","protected":false},"author":17,"featured_media":0,"parent":0,"menu_order":0,"comment_status":"closed","ping_status":"closed","template":"","meta":{"footnotes":""},"class_list":["post-5720","page","type-page","status-publish"],"_links":{"self":[{"href":"https:\/\/www.argentijnsemuziek.nl\/index.php\/wp-json\/wp\/v2\/pages\/5720","targetHints":{"allow":["GET"]}}],"collection":[{"href":"https:\/\/www.argentijnsemuziek.nl\/index.php\/wp-json\/wp\/v2\/pages"}],"about":[{"href":"https:\/\/www.argentijnsemuziek.nl\/index.php\/wp-json\/wp\/v2\/types\/page"}],"author":[{"embeddable":true,"href":"https:\/\/www.argentijnsemuziek.nl\/index.php\/wp-json\/wp\/v2\/users\/17"}],"replies":[{"embeddable":true,"href":"https:\/\/www.argentijnsemuziek.nl\/index.php\/wp-json\/wp\/v2\/comments?post=5720"}],"version-history":[{"count":3,"href":"https:\/\/www.argentijnsemuziek.nl\/index.php\/wp-json\/wp\/v2\/pages\/5720\/revisions"}],"predecessor-version":[{"id":5726,"href":"https:\/\/www.argentijnsemuziek.nl\/index.php\/wp-json\/wp\/v2\/pages\/5720\/revisions\/5726"}],"wp:attachment":[{"href":"https:\/\/www.argentijnsemuziek.nl\/index.php\/wp-json\/wp\/v2\/media?parent=5720"}],"curies":[{"name":"wp","href":"https:\/\/api.w.org\/{rel}","templated":true}]}}